{"id":3884,"date":"2025-04-09T14:10:43","date_gmt":"2025-04-09T14:10:43","guid":{"rendered":"https:\/\/rovelotruck.ca\/todos-los-neumaticos\/"},"modified":"2025-09-22T02:11:00","modified_gmt":"2025-09-22T02:11:00","slug":"todos-los-neumaticos","status":"publish","type":"page","link":"https:\/\/rovelotruck-us.staging.binary.ink\/es-us\/todos-los-neumaticos\/","title":{"rendered":"TODOS LOS NEUM\u00c1TICOS"},"content":{"rendered":"","protected":false},"excerpt":{"rendered":"","protected":false},"author":1,"featured_media":0,"parent":0,"menu_order":0,"comment_status":"closed","ping_status":"closed","template":"page-tires.php","meta":{"_acf_changed":false,"footnotes":""},"class_list":["post-3884","page","type-page","status-publish","hentry"],"acf":[],"yoast_head":"<!-- This site is optimized with the Yoast SEO plugin v27.2 - https:\/\/yoast.com\/product\/yoast-seo-wordpress\/ -->\n<title>Todos los Neum\u00e1ticos Comerciales para Camiones | Neum\u00e1ticos Rovelo EE. UU.<\/title>\n<meta name=\"description\" content=\"Descubra toda nuestra l\u00ednea de neum\u00e1ticos para flotas: regionales, de larga distancia, de servicio mixto y para camiones de recogida y entrega. Rendimiento, asequibilidad y confiabilidad incomparables para sus necesidades comerciales.\" \/>\n<meta name=\"robots\" content=\"index, follow, max-snippet:-1, max-image-preview:large, max-video-preview:-1\" \/>\n<link rel=\"canonical\" href=\"https:\/\/rovelotruck-us.staging.binary.ink\/es-us\/todos-los-neumaticos\/\" \/>\n<meta property=\"og:locale\" content=\"es_ES\" \/>\n<meta property=\"og:type\" content=\"article\" \/>\n<meta property=\"og:title\" content=\"Todos los Neum\u00e1ticos Comerciales para Camiones | Neum\u00e1ticos Rovelo EE. UU.\" \/>\n<meta property=\"og:description\" content=\"Descubra toda nuestra l\u00ednea de neum\u00e1ticos para flotas: regionales, de larga distancia, de servicio mixto y para camiones de recogida y entrega. Rendimiento, asequibilidad y confiabilidad incomparables para sus necesidades comerciales.\" \/>\n<meta property=\"og:url\" content=\"https:\/\/rovelotruck-us.staging.binary.ink\/es-us\/todos-los-neumaticos\/\" \/>\n<meta property=\"og:site_name\" content=\"Rovelo Tire Canada\" \/>\n<meta property=\"article:modified_time\" content=\"2025-09-22T02:11:00+00:00\" \/>\n<meta property=\"og:image\" content=\"https:\/\/rovelotruck-us.staging.binary.ink\/wp-content\/uploads\/2025\/08\/SEO-Image-Commercial.jpg\" \/>\n\t<meta property=\"og:image:width\" content=\"1200\" \/>\n\t<meta property=\"og:image:height\" content=\"675\" \/>\n\t<meta property=\"og:image:type\" content=\"image\/jpeg\" \/>\n<meta name=\"twitter:card\" content=\"summary_large_image\" \/>\n<script type=\"application\/ld+json\" class=\"yoast-schema-graph\">{\"@context\":\"https:\/\/schema.org\",\"@graph\":[{\"@type\":\"WebPage\",\"@id\":\"https:\/\/rovelotruck-us.staging.binary.ink\/es-us\/todos-los-neumaticos\/\",\"url\":\"https:\/\/rovelotruck-us.staging.binary.ink\/es-us\/todos-los-neumaticos\/\",\"name\":\"Todos los Neum\u00e1ticos Comerciales para Camiones | Neum\u00e1ticos Rovelo EE. UU.\",\"isPartOf\":{\"@id\":\"https:\/\/rovelotruck.com\/fr-ca\/#website\"},\"datePublished\":\"2025-04-09T14:10:43+00:00\",\"dateModified\":\"2025-09-22T02:11:00+00:00\",\"description\":\"Descubra toda nuestra l\u00ednea de neum\u00e1ticos para flotas: regionales, de larga distancia, de servicio mixto y para camiones de recogida y entrega. Rendimiento, asequibilidad y confiabilidad incomparables para sus necesidades comerciales.\",\"breadcrumb\":{\"@id\":\"https:\/\/rovelotruck-us.staging.binary.ink\/es-us\/todos-los-neumaticos\/#breadcrumb\"},\"inLanguage\":\"es-US\",\"potentialAction\":[{\"@type\":\"ReadAction\",\"target\":[\"https:\/\/rovelotruck-us.staging.binary.ink\/es-us\/todos-los-neumaticos\/\"]}]},{\"@type\":\"BreadcrumbList\",\"@id\":\"https:\/\/rovelotruck-us.staging.binary.ink\/es-us\/todos-los-neumaticos\/#breadcrumb\",\"itemListElement\":[{\"@type\":\"ListItem\",\"position\":1,\"name\":\"Home\",\"item\":\"https:\/\/rovelotruck.ca\/es-us\/\"},{\"@type\":\"ListItem\",\"position\":2,\"name\":\"TODOS LOS NEUM\u00c1TICOS\"}]},{\"@type\":\"WebSite\",\"@id\":\"https:\/\/rovelotruck.com\/fr-ca\/#website\",\"url\":\"https:\/\/rovelotruck.com\/fr-ca\/\",\"name\":\"Rovelo Tires Canada\",\"description\":\"\",\"publisher\":{\"@id\":\"https:\/\/rovelotruck.com\/fr-ca\/#organization\"},\"potentialAction\":[{\"@type\":\"SearchAction\",\"target\":{\"@type\":\"EntryPoint\",\"urlTemplate\":\"https:\/\/rovelotruck.com\/fr-ca\/?s={search_term_string}\"},\"query-input\":{\"@type\":\"PropertyValueSpecification\",\"valueRequired\":true,\"valueName\":\"search_term_string\"}}],\"inLanguage\":\"es-US\"},{\"@type\":\"Organization\",\"@id\":\"https:\/\/rovelotruck.com\/fr-ca\/#organization\",\"name\":\"Rovelo Tires Canada\",\"url\":\"https:\/\/rovelotruck.com\/fr-ca\/\",\"logo\":{\"@type\":\"ImageObject\",\"inLanguage\":\"es-US\",\"@id\":\"https:\/\/rovelotruck.com\/fr-ca\/#\/schema\/logo\/image\/\",\"url\":\"https:\/\/rovelotruck-us.staging.binary.ink\/wp-content\/uploads\/2025\/04\/rovelo-logo.svg\",\"contentUrl\":\"https:\/\/rovelotruck-us.staging.binary.ink\/wp-content\/uploads\/2025\/04\/rovelo-logo.svg\",\"caption\":\"Rovelo Tires Canada\"},\"image\":{\"@id\":\"https:\/\/rovelotruck.com\/fr-ca\/#\/schema\/logo\/image\/\"}}]}<\/script>\n<!-- \/ Yoast SEO plugin. -->","yoast_head_json":{"title":"Todos los Neum\u00e1ticos Comerciales para Camiones | Neum\u00e1ticos Rovelo EE. UU.","description":"Descubra toda nuestra l\u00ednea de neum\u00e1ticos para flotas: regionales, de larga distancia, de servicio mixto y para camiones de recogida y entrega. Rendimiento, asequibilidad y confiabilidad incomparables para sus necesidades comerciales.","robots":{"index":"index","follow":"follow","max-snippet":"max-snippet:-1","max-image-preview":"max-image-preview:large","max-video-preview":"max-video-preview:-1"},"canonical":"https:\/\/rovelotruck-us.staging.binary.ink\/es-us\/todos-los-neumaticos\/","og_locale":"es_ES","og_type":"article","og_title":"Todos los Neum\u00e1ticos Comerciales para Camiones | Neum\u00e1ticos Rovelo EE. UU.","og_description":"Descubra toda nuestra l\u00ednea de neum\u00e1ticos para flotas: regionales, de larga distancia, de servicio mixto y para camiones de recogida y entrega. Rendimiento, asequibilidad y confiabilidad incomparables para sus necesidades comerciales.","og_url":"https:\/\/rovelotruck-us.staging.binary.ink\/es-us\/todos-los-neumaticos\/","og_site_name":"Rovelo Tire Canada","article_modified_time":"2025-09-22T02:11:00+00:00","og_image":[{"width":1200,"height":675,"url":"https:\/\/rovelotruck-us.staging.binary.ink\/wp-content\/uploads\/2025\/08\/SEO-Image-Commercial.jpg","type":"image\/jpeg"}],"twitter_card":"summary_large_image","schema":{"@context":"https:\/\/schema.org","@graph":[{"@type":"WebPage","@id":"https:\/\/rovelotruck-us.staging.binary.ink\/es-us\/todos-los-neumaticos\/","url":"https:\/\/rovelotruck-us.staging.binary.ink\/es-us\/todos-los-neumaticos\/","name":"Todos los Neum\u00e1ticos Comerciales para Camiones | Neum\u00e1ticos Rovelo EE. UU.","isPartOf":{"@id":"https:\/\/rovelotruck.com\/fr-ca\/#website"},"datePublished":"2025-04-09T14:10:43+00:00","dateModified":"2025-09-22T02:11:00+00:00","description":"Descubra toda nuestra l\u00ednea de neum\u00e1ticos para flotas: regionales, de larga distancia, de servicio mixto y para camiones de recogida y entrega. Rendimiento, asequibilidad y confiabilidad incomparables para sus necesidades comerciales.","breadcrumb":{"@id":"https:\/\/rovelotruck-us.staging.binary.ink\/es-us\/todos-los-neumaticos\/#breadcrumb"},"inLanguage":"es-US","potentialAction":[{"@type":"ReadAction","target":["https:\/\/rovelotruck-us.staging.binary.ink\/es-us\/todos-los-neumaticos\/"]}]},{"@type":"BreadcrumbList","@id":"https:\/\/rovelotruck-us.staging.binary.ink\/es-us\/todos-los-neumaticos\/#breadcrumb","itemListElement":[{"@type":"ListItem","position":1,"name":"Home","item":"https:\/\/rovelotruck.ca\/es-us\/"},{"@type":"ListItem","position":2,"name":"TODOS LOS NEUM\u00c1TICOS"}]},{"@type":"WebSite","@id":"https:\/\/rovelotruck.com\/fr-ca\/#website","url":"https:\/\/rovelotruck.com\/fr-ca\/","name":"Rovelo Tires Canada","description":"","publisher":{"@id":"https:\/\/rovelotruck.com\/fr-ca\/#organization"},"potentialAction":[{"@type":"SearchAction","target":{"@type":"EntryPoint","urlTemplate":"https:\/\/rovelotruck.com\/fr-ca\/?s={search_term_string}"},"query-input":{"@type":"PropertyValueSpecification","valueRequired":true,"valueName":"search_term_string"}}],"inLanguage":"es-US"},{"@type":"Organization","@id":"https:\/\/rovelotruck.com\/fr-ca\/#organization","name":"Rovelo Tires Canada","url":"https:\/\/rovelotruck.com\/fr-ca\/","logo":{"@type":"ImageObject","inLanguage":"es-US","@id":"https:\/\/rovelotruck.com\/fr-ca\/#\/schema\/logo\/image\/","url":"https:\/\/rovelotruck-us.staging.binary.ink\/wp-content\/uploads\/2025\/04\/rovelo-logo.svg","contentUrl":"https:\/\/rovelotruck-us.staging.binary.ink\/wp-content\/uploads\/2025\/04\/rovelo-logo.svg","caption":"Rovelo Tires Canada"},"image":{"@id":"https:\/\/rovelotruck.com\/fr-ca\/#\/schema\/logo\/image\/"}}]}},"_links":{"self":[{"href":"https:\/\/rovelotruck-us.staging.binary.ink\/es-us\/wp-json\/wp\/v2\/pages\/3884","targetHints":{"allow":["GET"]}}],"collection":[{"href":"https:\/\/rovelotruck-us.staging.binary.ink\/es-us\/wp-json\/wp\/v2\/pages"}],"about":[{"href":"https:\/\/rovelotruck-us.staging.binary.ink\/es-us\/wp-json\/wp\/v2\/types\/page"}],"author":[{"embeddable":true,"href":"https:\/\/rovelotruck-us.staging.binary.ink\/es-us\/wp-json\/wp\/v2\/users\/1"}],"replies":[{"embeddable":true,"href":"https:\/\/rovelotruck-us.staging.binary.ink\/es-us\/wp-json\/wp\/v2\/comments?post=3884"}],"version-history":[{"count":2,"href":"https:\/\/rovelotruck-us.staging.binary.ink\/es-us\/wp-json\/wp\/v2\/pages\/3884\/revisions"}],"predecessor-version":[{"id":4194,"href":"https:\/\/rovelotruck-us.staging.binary.ink\/es-us\/wp-json\/wp\/v2\/pages\/3884\/revisions\/4194"}],"wp:attachment":[{"href":"https:\/\/rovelotruck-us.staging.binary.ink\/es-us\/wp-json\/wp\/v2\/media?parent=3884"}],"curies":[{"name":"wp","href":"https:\/\/api.w.org\/{rel}","templated":true}]}}