{"id":3889,"date":"2025-08-07T13:33:31","date_gmt":"2025-08-07T13:33:31","guid":{"rendered":"https:\/\/rovelotruck.ca\/todos-los-neumaticos\/smartway\/"},"modified":"2025-09-14T21:01:20","modified_gmt":"2025-09-14T21:01:20","slug":"smartway","status":"publish","type":"page","link":"https:\/\/rovelotruck-us.staging.binary.ink\/es-us\/todos-los-neumaticos\/smartway\/","title":{"rendered":"SmartWay"},"content":{"rendered":"\n<div class=\"wp-block-cover has-custom-content-position is-position-top-center has-dark-color has-text-color has-link-color wp-elements-734b39b8e6ccc9eb2b613278a7458b61\" style=\"min-height:600px;aspect-ratio:unset;\"><img loading=\"lazy\" decoding=\"async\" width=\"1024\" height=\"981\" class=\"wp-block-cover__image-background wp-image-2543 size-large\" alt=\"\" src=\"https:\/\/rovelotruck.ca\/wp-content\/uploads\/2025\/08\/PLP-Section2-About-Background-1024x981.webp\" style=\"object-position:51% 98%\" data-object-fit=\"cover\" data-object-position=\"51% 98%\"\/><span aria-hidden=\"true\" class=\"wp-block-cover__background has-background-dim-100 has-background-dim wp-block-cover__gradient-background has-background-gradient has-light-fade-gradient-background\"><\/span><div class=\"wp-block-cover__inner-container\">\n<div class=\"wp-block-group container mt-5 mb-5\">\n<div class=\"wp-block-group col-lg-8 m-auto\">\n<h2 class=\"wp-block-heading has-text-align-center has-primary-color has-text-color has-link-color has-large-font-size wp-elements-b1caa5afe708030f8f2f29bf9f279fd5\">TECNOLOG\u00cdA VERFICADA DE EPA SMARTWAY\u00ae<\/h2>\n\n\n\n<p class=\"has-text-align-center\">La tecnolog\u00eda verificada de SmartWay\u00ae, desarrollada por la Agencia de Protecci\u00f3n del Medio Ambiente de los Estados Unidos (USEPA), es una colaboraci\u00f3n p\u00fablico-privada entre la USEPA y el sector del transporte de mercanc\u00edas que ayuda a los expedidores, transportistas y empresas de log\u00edstica a mejorar la eficiencia del combustible y ahorrar dinero.<\/p>\n<\/div>\n<\/div>\n<\/div><\/div>\n","protected":false},"excerpt":{"rendered":"","protected":false},"author":1,"featured_media":0,"parent":3884,"menu_order":0,"comment_status":"closed","ping_status":"closed","template":"page-tires.php","meta":{"_acf_changed":false,"footnotes":""},"class_list":["post-3889","page","type-page","status-publish","hentry"],"acf":[],"yoast_head":"<!-- This site is optimized with the Yoast SEO plugin v27.2 - https:\/\/yoast.com\/product\/yoast-seo-wordpress\/ -->\n<title>Neum\u00e1ticos Verificados SmartWay\u00ae | Neum\u00e1ticos Comerciales Rovelo EE. UU.<\/title>\n<meta name=\"description\" content=\"Los neum\u00e1ticos verificados por SmartWay\u00ae cumplen con los est\u00e1ndares de eficiencia de combustible y baja resistencia a la rodadura establecidos por la EPA de EE. UU. Explore hoy la selecci\u00f3n de neum\u00e1ticos comerciales de Rovelo con certificaci\u00f3n SmartWay.\" \/>\n<meta name=\"robots\" content=\"index, follow, max-snippet:-1, max-image-preview:large, max-video-preview:-1\" \/>\n<link rel=\"canonical\" href=\"https:\/\/rovelotruck-us.staging.binary.ink\/es-us\/todos-los-neumaticos\/smartway\/\" \/>\n<meta property=\"og:locale\" content=\"es_ES\" \/>\n<meta property=\"og:type\" content=\"article\" \/>\n<meta property=\"og:title\" content=\"Neum\u00e1ticos Verificados SmartWay\u00ae | Neum\u00e1ticos Comerciales Rovelo EE. UU.\" \/>\n<meta property=\"og:description\" content=\"Los neum\u00e1ticos verificados por SmartWay\u00ae cumplen con los est\u00e1ndares de eficiencia de combustible y baja resistencia a la rodadura establecidos por la EPA de EE. UU. Explore hoy la selecci\u00f3n de neum\u00e1ticos comerciales de Rovelo con certificaci\u00f3n SmartWay.\" \/>\n<meta property=\"og:url\" content=\"https:\/\/rovelotruck-us.staging.binary.ink\/es-us\/todos-los-neumaticos\/smartway\/\" \/>\n<meta property=\"og:site_name\" content=\"Rovelo Tire Canada\" \/>\n<meta property=\"article:modified_time\" content=\"2025-09-14T21:01:20+00:00\" \/>\n<meta property=\"og:image\" content=\"https:\/\/rovelotruck.ca\/wp-content\/uploads\/2025\/08\/PLP-Section2-About-Background-1024x981.webp\" \/>\n<meta name=\"twitter:card\" content=\"summary_large_image\" \/>\n<meta name=\"twitter:label1\" content=\"Est. reading time\" \/>\n\t<meta name=\"twitter:data1\" content=\"1 minute\" \/>\n<script type=\"application\/ld+json\" class=\"yoast-schema-graph\">{\"@context\":\"https:\/\/schema.org\",\"@graph\":[{\"@type\":\"WebPage\",\"@id\":\"https:\/\/rovelotruck-us.staging.binary.ink\/es-us\/todos-los-neumaticos\/smartway\/\",\"url\":\"https:\/\/rovelotruck-us.staging.binary.ink\/es-us\/todos-los-neumaticos\/smartway\/\",\"name\":\"Neum\u00e1ticos Verificados SmartWay\u00ae | Neum\u00e1ticos Comerciales Rovelo EE. UU.\",\"isPartOf\":{\"@id\":\"https:\/\/rovelotruck.com\/fr-ca\/#website\"},\"primaryImageOfPage\":{\"@id\":\"https:\/\/rovelotruck-us.staging.binary.ink\/es-us\/todos-los-neumaticos\/smartway\/#primaryimage\"},\"image\":{\"@id\":\"https:\/\/rovelotruck-us.staging.binary.ink\/es-us\/todos-los-neumaticos\/smartway\/#primaryimage\"},\"thumbnailUrl\":\"https:\/\/rovelotruck.ca\/wp-content\/uploads\/2025\/08\/PLP-Section2-About-Background-1024x981.webp\",\"datePublished\":\"2025-08-07T13:33:31+00:00\",\"dateModified\":\"2025-09-14T21:01:20+00:00\",\"description\":\"Los neum\u00e1ticos verificados por SmartWay\u00ae cumplen con los est\u00e1ndares de eficiencia de combustible y baja resistencia a la rodadura establecidos por la EPA de EE. UU. Explore hoy la selecci\u00f3n de neum\u00e1ticos comerciales de Rovelo con certificaci\u00f3n SmartWay.\",\"breadcrumb\":{\"@id\":\"https:\/\/rovelotruck-us.staging.binary.ink\/es-us\/todos-los-neumaticos\/smartway\/#breadcrumb\"},\"inLanguage\":\"es-US\",\"potentialAction\":[{\"@type\":\"ReadAction\",\"target\":[\"https:\/\/rovelotruck-us.staging.binary.ink\/es-us\/todos-los-neumaticos\/smartway\/\"]}]},{\"@type\":\"ImageObject\",\"inLanguage\":\"es-US\",\"@id\":\"https:\/\/rovelotruck-us.staging.binary.ink\/es-us\/todos-los-neumaticos\/smartway\/#primaryimage\",\"url\":\"https:\/\/rovelotruck.ca\/wp-content\/uploads\/2025\/08\/PLP-Section2-About-Background-1024x981.webp\",\"contentUrl\":\"https:\/\/rovelotruck.ca\/wp-content\/uploads\/2025\/08\/PLP-Section2-About-Background-1024x981.webp\"},{\"@type\":\"BreadcrumbList\",\"@id\":\"https:\/\/rovelotruck-us.staging.binary.ink\/es-us\/todos-los-neumaticos\/smartway\/#breadcrumb\",\"itemListElement\":[{\"@type\":\"ListItem\",\"position\":1,\"name\":\"Home\",\"item\":\"https:\/\/rovelotruck.ca\/es-us\/\"},{\"@type\":\"ListItem\",\"position\":2,\"name\":\"TODOS LOS NEUM\u00c1TICOS\",\"item\":\"https:\/\/rovelotruck.ca\/es-us\/todos-los-neumaticos\/\"},{\"@type\":\"ListItem\",\"position\":3,\"name\":\"SmartWay\"}]},{\"@type\":\"WebSite\",\"@id\":\"https:\/\/rovelotruck.com\/fr-ca\/#website\",\"url\":\"https:\/\/rovelotruck.com\/fr-ca\/\",\"name\":\"Rovelo Tires Canada\",\"description\":\"\",\"publisher\":{\"@id\":\"https:\/\/rovelotruck.com\/fr-ca\/#organization\"},\"potentialAction\":[{\"@type\":\"SearchAction\",\"target\":{\"@type\":\"EntryPoint\",\"urlTemplate\":\"https:\/\/rovelotruck.com\/fr-ca\/?s={search_term_string}\"},\"query-input\":{\"@type\":\"PropertyValueSpecification\",\"valueRequired\":true,\"valueName\":\"search_term_string\"}}],\"inLanguage\":\"es-US\"},{\"@type\":\"Organization\",\"@id\":\"https:\/\/rovelotruck.com\/fr-ca\/#organization\",\"name\":\"Rovelo Tires Canada\",\"url\":\"https:\/\/rovelotruck.com\/fr-ca\/\",\"logo\":{\"@type\":\"ImageObject\",\"inLanguage\":\"es-US\",\"@id\":\"https:\/\/rovelotruck.com\/fr-ca\/#\/schema\/logo\/image\/\",\"url\":\"https:\/\/rovelotruck-us.staging.binary.ink\/wp-content\/uploads\/2025\/04\/rovelo-logo.svg\",\"contentUrl\":\"https:\/\/rovelotruck-us.staging.binary.ink\/wp-content\/uploads\/2025\/04\/rovelo-logo.svg\",\"caption\":\"Rovelo Tires Canada\"},\"image\":{\"@id\":\"https:\/\/rovelotruck.com\/fr-ca\/#\/schema\/logo\/image\/\"}}]}<\/script>\n<!-- \/ Yoast SEO plugin. -->","yoast_head_json":{"title":"Neum\u00e1ticos Verificados SmartWay\u00ae | Neum\u00e1ticos Comerciales Rovelo EE. UU.","description":"Los neum\u00e1ticos verificados por SmartWay\u00ae cumplen con los est\u00e1ndares de eficiencia de combustible y baja resistencia a la rodadura establecidos por la EPA de EE. UU. Explore hoy la selecci\u00f3n de neum\u00e1ticos comerciales de Rovelo con certificaci\u00f3n SmartWay.","robots":{"index":"index","follow":"follow","max-snippet":"max-snippet:-1","max-image-preview":"max-image-preview:large","max-video-preview":"max-video-preview:-1"},"canonical":"https:\/\/rovelotruck-us.staging.binary.ink\/es-us\/todos-los-neumaticos\/smartway\/","og_locale":"es_ES","og_type":"article","og_title":"Neum\u00e1ticos Verificados SmartWay\u00ae | Neum\u00e1ticos Comerciales Rovelo EE. UU.","og_description":"Los neum\u00e1ticos verificados por SmartWay\u00ae cumplen con los est\u00e1ndares de eficiencia de combustible y baja resistencia a la rodadura establecidos por la EPA de EE. UU. Explore hoy la selecci\u00f3n de neum\u00e1ticos comerciales de Rovelo con certificaci\u00f3n SmartWay.","og_url":"https:\/\/rovelotruck-us.staging.binary.ink\/es-us\/todos-los-neumaticos\/smartway\/","og_site_name":"Rovelo Tire Canada","article_modified_time":"2025-09-14T21:01:20+00:00","og_image":[{"url":"https:\/\/rovelotruck.ca\/wp-content\/uploads\/2025\/08\/PLP-Section2-About-Background-1024x981.webp","type":"","width":"","height":""}],"twitter_card":"summary_large_image","twitter_misc":{"Est. reading time":"1 minute"},"schema":{"@context":"https:\/\/schema.org","@graph":[{"@type":"WebPage","@id":"https:\/\/rovelotruck-us.staging.binary.ink\/es-us\/todos-los-neumaticos\/smartway\/","url":"https:\/\/rovelotruck-us.staging.binary.ink\/es-us\/todos-los-neumaticos\/smartway\/","name":"Neum\u00e1ticos Verificados SmartWay\u00ae | Neum\u00e1ticos Comerciales Rovelo EE. UU.","isPartOf":{"@id":"https:\/\/rovelotruck.com\/fr-ca\/#website"},"primaryImageOfPage":{"@id":"https:\/\/rovelotruck-us.staging.binary.ink\/es-us\/todos-los-neumaticos\/smartway\/#primaryimage"},"image":{"@id":"https:\/\/rovelotruck-us.staging.binary.ink\/es-us\/todos-los-neumaticos\/smartway\/#primaryimage"},"thumbnailUrl":"https:\/\/rovelotruck.ca\/wp-content\/uploads\/2025\/08\/PLP-Section2-About-Background-1024x981.webp","datePublished":"2025-08-07T13:33:31+00:00","dateModified":"2025-09-14T21:01:20+00:00","description":"Los neum\u00e1ticos verificados por SmartWay\u00ae cumplen con los est\u00e1ndares de eficiencia de combustible y baja resistencia a la rodadura establecidos por la EPA de EE. UU. Explore hoy la selecci\u00f3n de neum\u00e1ticos comerciales de Rovelo con certificaci\u00f3n SmartWay.","breadcrumb":{"@id":"https:\/\/rovelotruck-us.staging.binary.ink\/es-us\/todos-los-neumaticos\/smartway\/#breadcrumb"},"inLanguage":"es-US","potentialAction":[{"@type":"ReadAction","target":["https:\/\/rovelotruck-us.staging.binary.ink\/es-us\/todos-los-neumaticos\/smartway\/"]}]},{"@type":"ImageObject","inLanguage":"es-US","@id":"https:\/\/rovelotruck-us.staging.binary.ink\/es-us\/todos-los-neumaticos\/smartway\/#primaryimage","url":"https:\/\/rovelotruck.ca\/wp-content\/uploads\/2025\/08\/PLP-Section2-About-Background-1024x981.webp","contentUrl":"https:\/\/rovelotruck.ca\/wp-content\/uploads\/2025\/08\/PLP-Section2-About-Background-1024x981.webp"},{"@type":"BreadcrumbList","@id":"https:\/\/rovelotruck-us.staging.binary.ink\/es-us\/todos-los-neumaticos\/smartway\/#breadcrumb","itemListElement":[{"@type":"ListItem","position":1,"name":"Home","item":"https:\/\/rovelotruck.ca\/es-us\/"},{"@type":"ListItem","position":2,"name":"TODOS LOS NEUM\u00c1TICOS","item":"https:\/\/rovelotruck.ca\/es-us\/todos-los-neumaticos\/"},{"@type":"ListItem","position":3,"name":"SmartWay"}]},{"@type":"WebSite","@id":"https:\/\/rovelotruck.com\/fr-ca\/#website","url":"https:\/\/rovelotruck.com\/fr-ca\/","name":"Rovelo Tires Canada","description":"","publisher":{"@id":"https:\/\/rovelotruck.com\/fr-ca\/#organization"},"potentialAction":[{"@type":"SearchAction","target":{"@type":"EntryPoint","urlTemplate":"https:\/\/rovelotruck.com\/fr-ca\/?s={search_term_string}"},"query-input":{"@type":"PropertyValueSpecification","valueRequired":true,"valueName":"search_term_string"}}],"inLanguage":"es-US"},{"@type":"Organization","@id":"https:\/\/rovelotruck.com\/fr-ca\/#organization","name":"Rovelo Tires Canada","url":"https:\/\/rovelotruck.com\/fr-ca\/","logo":{"@type":"ImageObject","inLanguage":"es-US","@id":"https:\/\/rovelotruck.com\/fr-ca\/#\/schema\/logo\/image\/","url":"https:\/\/rovelotruck-us.staging.binary.ink\/wp-content\/uploads\/2025\/04\/rovelo-logo.svg","contentUrl":"https:\/\/rovelotruck-us.staging.binary.ink\/wp-content\/uploads\/2025\/04\/rovelo-logo.svg","caption":"Rovelo Tires Canada"},"image":{"@id":"https:\/\/rovelotruck.com\/fr-ca\/#\/schema\/logo\/image\/"}}]}},"_links":{"self":[{"href":"https:\/\/rovelotruck-us.staging.binary.ink\/es-us\/wp-json\/wp\/v2\/pages\/3889","targetHints":{"allow":["GET"]}}],"collection":[{"href":"https:\/\/rovelotruck-us.staging.binary.ink\/es-us\/wp-json\/wp\/v2\/pages"}],"about":[{"href":"https:\/\/rovelotruck-us.staging.binary.ink\/es-us\/wp-json\/wp\/v2\/types\/page"}],"author":[{"embeddable":true,"href":"https:\/\/rovelotruck-us.staging.binary.ink\/es-us\/wp-json\/wp\/v2\/users\/1"}],"replies":[{"embeddable":true,"href":"https:\/\/rovelotruck-us.staging.binary.ink\/es-us\/wp-json\/wp\/v2\/comments?post=3889"}],"version-history":[{"count":1,"href":"https:\/\/rovelotruck-us.staging.binary.ink\/es-us\/wp-json\/wp\/v2\/pages\/3889\/revisions"}],"predecessor-version":[{"id":3890,"href":"https:\/\/rovelotruck-us.staging.binary.ink\/es-us\/wp-json\/wp\/v2\/pages\/3889\/revisions\/3890"}],"up":[{"embeddable":true,"href":"https:\/\/rovelotruck-us.staging.binary.ink\/es-us\/wp-json\/wp\/v2\/pages\/3884"}],"wp:attachment":[{"href":"https:\/\/rovelotruck-us.staging.binary.ink\/es-us\/wp-json\/wp\/v2\/media?parent=3889"}],"curies":[{"name":"wp","href":"https:\/\/api.w.org\/{rel}","templated":true}]}}