{"id":3893,"date":"2025-08-07T13:27:25","date_gmt":"2025-08-07T13:27:25","guid":{"rendered":"https:\/\/rovelotruck.ca\/todos-los-neumaticos\/servicio-mixto\/"},"modified":"2025-09-14T20:57:01","modified_gmt":"2025-09-14T20:57:01","slug":"servicio-mixto","status":"publish","type":"page","link":"https:\/\/rovelotruck-us.staging.binary.ink\/es-us\/todos-los-neumaticos\/servicio-mixto\/","title":{"rendered":"SERVICIO MIXTO"},"content":{"rendered":"","protected":false},"excerpt":{"rendered":"","protected":false},"author":1,"featured_media":0,"parent":3884,"menu_order":0,"comment_status":"closed","ping_status":"closed","template":"page-tires.php","meta":{"_acf_changed":false,"footnotes":""},"class_list":["post-3893","page","type-page","status-publish","hentry"],"acf":[],"yoast_head":"<!-- This site is optimized with the Yoast SEO plugin v27.2 - https:\/\/yoast.com\/product\/yoast-seo-wordpress\/ -->\n<title>Neum\u00e1ticos de Servicio Mixto para Camiones y Remolques | Neum\u00e1ticos Comerciales Rovelo EE. UU.<\/title>\n<meta name=\"description\" content=\"Descubra la l\u00ednea de neum\u00e1ticos de servicio mixto de Rovelo, dise\u00f1ados para funcionar eficazmente tanto en carreteras pavimentadas como en terrenos dif\u00edciles fuera de carretera. Rendimiento, asequibilidad y confiabilidad incomparables en todas las carreteras de EE. UU.\" \/>\n<meta name=\"robots\" content=\"index, follow, max-snippet:-1, max-image-preview:large, max-video-preview:-1\" \/>\n<link rel=\"canonical\" href=\"https:\/\/rovelotruck-us.staging.binary.ink\/es-us\/todos-los-neumaticos\/servicio-mixto\/\" \/>\n<meta property=\"og:locale\" content=\"es_ES\" \/>\n<meta property=\"og:type\" content=\"article\" \/>\n<meta property=\"og:title\" content=\"Neum\u00e1ticos de Servicio Mixto para Camiones y Remolques | Neum\u00e1ticos Comerciales Rovelo EE. UU.\" \/>\n<meta property=\"og:description\" content=\"Descubra la l\u00ednea de neum\u00e1ticos de servicio mixto de Rovelo, dise\u00f1ados para funcionar eficazmente tanto en carreteras pavimentadas como en terrenos dif\u00edciles fuera de carretera. Rendimiento, asequibilidad y confiabilidad incomparables en todas las carreteras de EE. UU.\" \/>\n<meta property=\"og:url\" content=\"https:\/\/rovelotruck-us.staging.binary.ink\/es-us\/todos-los-neumaticos\/servicio-mixto\/\" \/>\n<meta property=\"og:site_name\" content=\"Rovelo Tire Canada\" \/>\n<meta property=\"article:modified_time\" content=\"2025-09-14T20:57:01+00:00\" \/>\n<meta property=\"og:image\" content=\"https:\/\/rovelotruck-us.staging.binary.ink\/wp-content\/uploads\/2025\/08\/SEO-Image-Commercial.jpg\" \/>\n\t<meta property=\"og:image:width\" content=\"1200\" \/>\n\t<meta property=\"og:image:height\" content=\"675\" \/>\n\t<meta property=\"og:image:type\" content=\"image\/jpeg\" \/>\n<meta name=\"twitter:card\" content=\"summary_large_image\" \/>\n<script type=\"application\/ld+json\" class=\"yoast-schema-graph\">{\"@context\":\"https:\/\/schema.org\",\"@graph\":[{\"@type\":\"WebPage\",\"@id\":\"https:\/\/rovelotruck-us.staging.binary.ink\/es-us\/todos-los-neumaticos\/servicio-mixto\/\",\"url\":\"https:\/\/rovelotruck-us.staging.binary.ink\/es-us\/todos-los-neumaticos\/servicio-mixto\/\",\"name\":\"Neum\u00e1ticos de Servicio Mixto para Camiones y Remolques | Neum\u00e1ticos Comerciales Rovelo EE. UU.\",\"isPartOf\":{\"@id\":\"https:\/\/rovelotruck.com\/fr-ca\/#website\"},\"datePublished\":\"2025-08-07T13:27:25+00:00\",\"dateModified\":\"2025-09-14T20:57:01+00:00\",\"description\":\"Descubra la l\u00ednea de neum\u00e1ticos de servicio mixto de Rovelo, dise\u00f1ados para funcionar eficazmente tanto en carreteras pavimentadas como en terrenos dif\u00edciles fuera de carretera. Rendimiento, asequibilidad y confiabilidad incomparables en todas las carreteras de EE. UU.\",\"breadcrumb\":{\"@id\":\"https:\/\/rovelotruck-us.staging.binary.ink\/es-us\/todos-los-neumaticos\/servicio-mixto\/#breadcrumb\"},\"inLanguage\":\"es-US\",\"potentialAction\":[{\"@type\":\"ReadAction\",\"target\":[\"https:\/\/rovelotruck-us.staging.binary.ink\/es-us\/todos-los-neumaticos\/servicio-mixto\/\"]}]},{\"@type\":\"BreadcrumbList\",\"@id\":\"https:\/\/rovelotruck-us.staging.binary.ink\/es-us\/todos-los-neumaticos\/servicio-mixto\/#breadcrumb\",\"itemListElement\":[{\"@type\":\"ListItem\",\"position\":1,\"name\":\"Home\",\"item\":\"https:\/\/rovelotruck.ca\/es-us\/\"},{\"@type\":\"ListItem\",\"position\":2,\"name\":\"TODOS LOS NEUM\u00c1TICOS\",\"item\":\"https:\/\/rovelotruck.ca\/es-us\/todos-los-neumaticos\/\"},{\"@type\":\"ListItem\",\"position\":3,\"name\":\"SERVICIO MIXTO\"}]},{\"@type\":\"WebSite\",\"@id\":\"https:\/\/rovelotruck.com\/fr-ca\/#website\",\"url\":\"https:\/\/rovelotruck.com\/fr-ca\/\",\"name\":\"Rovelo Tires Canada\",\"description\":\"\",\"publisher\":{\"@id\":\"https:\/\/rovelotruck.com\/fr-ca\/#organization\"},\"potentialAction\":[{\"@type\":\"SearchAction\",\"target\":{\"@type\":\"EntryPoint\",\"urlTemplate\":\"https:\/\/rovelotruck.com\/fr-ca\/?s={search_term_string}\"},\"query-input\":{\"@type\":\"PropertyValueSpecification\",\"valueRequired\":true,\"valueName\":\"search_term_string\"}}],\"inLanguage\":\"es-US\"},{\"@type\":\"Organization\",\"@id\":\"https:\/\/rovelotruck.com\/fr-ca\/#organization\",\"name\":\"Rovelo Tires Canada\",\"url\":\"https:\/\/rovelotruck.com\/fr-ca\/\",\"logo\":{\"@type\":\"ImageObject\",\"inLanguage\":\"es-US\",\"@id\":\"https:\/\/rovelotruck.com\/fr-ca\/#\/schema\/logo\/image\/\",\"url\":\"https:\/\/rovelotruck-us.staging.binary.ink\/wp-content\/uploads\/2025\/04\/rovelo-logo.svg\",\"contentUrl\":\"https:\/\/rovelotruck-us.staging.binary.ink\/wp-content\/uploads\/2025\/04\/rovelo-logo.svg\",\"caption\":\"Rovelo Tires Canada\"},\"image\":{\"@id\":\"https:\/\/rovelotruck.com\/fr-ca\/#\/schema\/logo\/image\/\"}}]}<\/script>\n<!-- \/ Yoast SEO plugin. -->","yoast_head_json":{"title":"Neum\u00e1ticos de Servicio Mixto para Camiones y Remolques | Neum\u00e1ticos Comerciales Rovelo EE. UU.","description":"Descubra la l\u00ednea de neum\u00e1ticos de servicio mixto de Rovelo, dise\u00f1ados para funcionar eficazmente tanto en carreteras pavimentadas como en terrenos dif\u00edciles fuera de carretera. Rendimiento, asequibilidad y confiabilidad incomparables en todas las carreteras de EE. UU.","robots":{"index":"index","follow":"follow","max-snippet":"max-snippet:-1","max-image-preview":"max-image-preview:large","max-video-preview":"max-video-preview:-1"},"canonical":"https:\/\/rovelotruck-us.staging.binary.ink\/es-us\/todos-los-neumaticos\/servicio-mixto\/","og_locale":"es_ES","og_type":"article","og_title":"Neum\u00e1ticos de Servicio Mixto para Camiones y Remolques | Neum\u00e1ticos Comerciales Rovelo EE. UU.","og_description":"Descubra la l\u00ednea de neum\u00e1ticos de servicio mixto de Rovelo, dise\u00f1ados para funcionar eficazmente tanto en carreteras pavimentadas como en terrenos dif\u00edciles fuera de carretera. Rendimiento, asequibilidad y confiabilidad incomparables en todas las carreteras de EE. UU.","og_url":"https:\/\/rovelotruck-us.staging.binary.ink\/es-us\/todos-los-neumaticos\/servicio-mixto\/","og_site_name":"Rovelo Tire Canada","article_modified_time":"2025-09-14T20:57:01+00:00","og_image":[{"width":1200,"height":675,"url":"https:\/\/rovelotruck-us.staging.binary.ink\/wp-content\/uploads\/2025\/08\/SEO-Image-Commercial.jpg","type":"image\/jpeg"}],"twitter_card":"summary_large_image","schema":{"@context":"https:\/\/schema.org","@graph":[{"@type":"WebPage","@id":"https:\/\/rovelotruck-us.staging.binary.ink\/es-us\/todos-los-neumaticos\/servicio-mixto\/","url":"https:\/\/rovelotruck-us.staging.binary.ink\/es-us\/todos-los-neumaticos\/servicio-mixto\/","name":"Neum\u00e1ticos de Servicio Mixto para Camiones y Remolques | Neum\u00e1ticos Comerciales Rovelo EE. UU.","isPartOf":{"@id":"https:\/\/rovelotruck.com\/fr-ca\/#website"},"datePublished":"2025-08-07T13:27:25+00:00","dateModified":"2025-09-14T20:57:01+00:00","description":"Descubra la l\u00ednea de neum\u00e1ticos de servicio mixto de Rovelo, dise\u00f1ados para funcionar eficazmente tanto en carreteras pavimentadas como en terrenos dif\u00edciles fuera de carretera. Rendimiento, asequibilidad y confiabilidad incomparables en todas las carreteras de EE. UU.","breadcrumb":{"@id":"https:\/\/rovelotruck-us.staging.binary.ink\/es-us\/todos-los-neumaticos\/servicio-mixto\/#breadcrumb"},"inLanguage":"es-US","potentialAction":[{"@type":"ReadAction","target":["https:\/\/rovelotruck-us.staging.binary.ink\/es-us\/todos-los-neumaticos\/servicio-mixto\/"]}]},{"@type":"BreadcrumbList","@id":"https:\/\/rovelotruck-us.staging.binary.ink\/es-us\/todos-los-neumaticos\/servicio-mixto\/#breadcrumb","itemListElement":[{"@type":"ListItem","position":1,"name":"Home","item":"https:\/\/rovelotruck.ca\/es-us\/"},{"@type":"ListItem","position":2,"name":"TODOS LOS NEUM\u00c1TICOS","item":"https:\/\/rovelotruck.ca\/es-us\/todos-los-neumaticos\/"},{"@type":"ListItem","position":3,"name":"SERVICIO MIXTO"}]},{"@type":"WebSite","@id":"https:\/\/rovelotruck.com\/fr-ca\/#website","url":"https:\/\/rovelotruck.com\/fr-ca\/","name":"Rovelo Tires Canada","description":"","publisher":{"@id":"https:\/\/rovelotruck.com\/fr-ca\/#organization"},"potentialAction":[{"@type":"SearchAction","target":{"@type":"EntryPoint","urlTemplate":"https:\/\/rovelotruck.com\/fr-ca\/?s={search_term_string}"},"query-input":{"@type":"PropertyValueSpecification","valueRequired":true,"valueName":"search_term_string"}}],"inLanguage":"es-US"},{"@type":"Organization","@id":"https:\/\/rovelotruck.com\/fr-ca\/#organization","name":"Rovelo Tires Canada","url":"https:\/\/rovelotruck.com\/fr-ca\/","logo":{"@type":"ImageObject","inLanguage":"es-US","@id":"https:\/\/rovelotruck.com\/fr-ca\/#\/schema\/logo\/image\/","url":"https:\/\/rovelotruck-us.staging.binary.ink\/wp-content\/uploads\/2025\/04\/rovelo-logo.svg","contentUrl":"https:\/\/rovelotruck-us.staging.binary.ink\/wp-content\/uploads\/2025\/04\/rovelo-logo.svg","caption":"Rovelo Tires Canada"},"image":{"@id":"https:\/\/rovelotruck.com\/fr-ca\/#\/schema\/logo\/image\/"}}]}},"_links":{"self":[{"href":"https:\/\/rovelotruck-us.staging.binary.ink\/es-us\/wp-json\/wp\/v2\/pages\/3893","targetHints":{"allow":["GET"]}}],"collection":[{"href":"https:\/\/rovelotruck-us.staging.binary.ink\/es-us\/wp-json\/wp\/v2\/pages"}],"about":[{"href":"https:\/\/rovelotruck-us.staging.binary.ink\/es-us\/wp-json\/wp\/v2\/types\/page"}],"author":[{"embeddable":true,"href":"https:\/\/rovelotruck-us.staging.binary.ink\/es-us\/wp-json\/wp\/v2\/users\/1"}],"replies":[{"embeddable":true,"href":"https:\/\/rovelotruck-us.staging.binary.ink\/es-us\/wp-json\/wp\/v2\/comments?post=3893"}],"version-history":[{"count":1,"href":"https:\/\/rovelotruck-us.staging.binary.ink\/es-us\/wp-json\/wp\/v2\/pages\/3893\/revisions"}],"predecessor-version":[{"id":3960,"href":"https:\/\/rovelotruck-us.staging.binary.ink\/es-us\/wp-json\/wp\/v2\/pages\/3893\/revisions\/3960"}],"up":[{"embeddable":true,"href":"https:\/\/rovelotruck-us.staging.binary.ink\/es-us\/wp-json\/wp\/v2\/pages\/3884"}],"wp:attachment":[{"href":"https:\/\/rovelotruck-us.staging.binary.ink\/es-us\/wp-json\/wp\/v2\/media?parent=3893"}],"curies":[{"name":"wp","href":"https:\/\/api.w.org\/{rel}","templated":true}]}}