{"id":3895,"date":"2025-08-07T13:30:29","date_gmt":"2025-08-07T13:30:29","guid":{"rendered":"https:\/\/rovelotruck.ca\/todos-los-neumaticos\/remolque\/"},"modified":"2025-09-14T21:00:21","modified_gmt":"2025-09-14T21:00:21","slug":"remolque","status":"publish","type":"page","link":"https:\/\/rovelotruck-us.staging.binary.ink\/es-us\/todos-los-neumaticos\/remolque\/","title":{"rendered":"REMOLQUE"},"content":{"rendered":"","protected":false},"excerpt":{"rendered":"","protected":false},"author":1,"featured_media":0,"parent":3884,"menu_order":0,"comment_status":"closed","ping_status":"closed","template":"page-tires.php","meta":{"_acf_changed":false,"footnotes":""},"class_list":["post-3895","page","type-page","status-publish","hentry"],"acf":[],"yoast_head":"<!-- This site is optimized with the Yoast SEO plugin v27.2 - https:\/\/yoast.com\/product\/yoast-seo-wordpress\/ -->\n<title>Neum\u00e1ticos Comerciales para Remolques de Cami\u00f3n | Neum\u00e1ticos Comerciales Rovelo EE. UU.<\/title>\n<meta name=\"description\" content=\"Los neum\u00e1ticos para remolque de Rovelo est\u00e1n dise\u00f1ados para los ejes libres de rodadura de los remolques, proporcionando estabilidad, desgaste uniforme y gran durabilidad bajo las exigencias espec\u00edficas de los remolques. Descubra los neum\u00e1ticos para remolque de Rovelo.\" \/>\n<meta name=\"robots\" content=\"index, follow, max-snippet:-1, max-image-preview:large, max-video-preview:-1\" \/>\n<link rel=\"canonical\" href=\"https:\/\/rovelotruck-us.staging.binary.ink\/es-us\/todos-los-neumaticos\/remolque\/\" \/>\n<meta property=\"og:locale\" content=\"es_ES\" \/>\n<meta property=\"og:type\" content=\"article\" \/>\n<meta property=\"og:title\" content=\"Neum\u00e1ticos Comerciales para Remolques de Cami\u00f3n | Neum\u00e1ticos Comerciales Rovelo EE. UU.\" \/>\n<meta property=\"og:description\" content=\"Los neum\u00e1ticos para remolque de Rovelo est\u00e1n dise\u00f1ados para los ejes libres de rodadura de los remolques, proporcionando estabilidad, desgaste uniforme y gran durabilidad bajo las exigencias espec\u00edficas de los remolques. Descubra los neum\u00e1ticos para remolque de Rovelo.\" \/>\n<meta property=\"og:url\" content=\"https:\/\/rovelotruck-us.staging.binary.ink\/es-us\/todos-los-neumaticos\/remolque\/\" \/>\n<meta property=\"og:site_name\" content=\"Rovelo Tire Canada\" \/>\n<meta property=\"article:modified_time\" content=\"2025-09-14T21:00:21+00:00\" \/>\n<meta property=\"og:image\" content=\"https:\/\/rovelotruck-us.staging.binary.ink\/wp-content\/uploads\/2025\/08\/SEO-Image-Commercial.jpg\" \/>\n\t<meta property=\"og:image:width\" content=\"1200\" \/>\n\t<meta property=\"og:image:height\" content=\"675\" \/>\n\t<meta property=\"og:image:type\" content=\"image\/jpeg\" \/>\n<meta name=\"twitter:card\" content=\"summary_large_image\" \/>\n<script type=\"application\/ld+json\" class=\"yoast-schema-graph\">{\"@context\":\"https:\/\/schema.org\",\"@graph\":[{\"@type\":\"WebPage\",\"@id\":\"https:\/\/rovelotruck-us.staging.binary.ink\/es-us\/todos-los-neumaticos\/remolque\/\",\"url\":\"https:\/\/rovelotruck-us.staging.binary.ink\/es-us\/todos-los-neumaticos\/remolque\/\",\"name\":\"Neum\u00e1ticos Comerciales para Remolques de Cami\u00f3n | Neum\u00e1ticos Comerciales Rovelo EE. UU.\",\"isPartOf\":{\"@id\":\"https:\/\/rovelotruck.com\/fr-ca\/#website\"},\"datePublished\":\"2025-08-07T13:30:29+00:00\",\"dateModified\":\"2025-09-14T21:00:21+00:00\",\"description\":\"Los neum\u00e1ticos para remolque de Rovelo est\u00e1n dise\u00f1ados para los ejes libres de rodadura de los remolques, proporcionando estabilidad, desgaste uniforme y gran durabilidad bajo las exigencias espec\u00edficas de los remolques. Descubra los neum\u00e1ticos para remolque de Rovelo.\",\"breadcrumb\":{\"@id\":\"https:\/\/rovelotruck-us.staging.binary.ink\/es-us\/todos-los-neumaticos\/remolque\/#breadcrumb\"},\"inLanguage\":\"es-US\",\"potentialAction\":[{\"@type\":\"ReadAction\",\"target\":[\"https:\/\/rovelotruck-us.staging.binary.ink\/es-us\/todos-los-neumaticos\/remolque\/\"]}]},{\"@type\":\"BreadcrumbList\",\"@id\":\"https:\/\/rovelotruck-us.staging.binary.ink\/es-us\/todos-los-neumaticos\/remolque\/#breadcrumb\",\"itemListElement\":[{\"@type\":\"ListItem\",\"position\":1,\"name\":\"Home\",\"item\":\"https:\/\/rovelotruck.ca\/es-us\/\"},{\"@type\":\"ListItem\",\"position\":2,\"name\":\"TODOS LOS NEUM\u00c1TICOS\",\"item\":\"https:\/\/rovelotruck.ca\/es-us\/todos-los-neumaticos\/\"},{\"@type\":\"ListItem\",\"position\":3,\"name\":\"REMOLQUE\"}]},{\"@type\":\"WebSite\",\"@id\":\"https:\/\/rovelotruck.com\/fr-ca\/#website\",\"url\":\"https:\/\/rovelotruck.com\/fr-ca\/\",\"name\":\"Rovelo Tires Canada\",\"description\":\"\",\"publisher\":{\"@id\":\"https:\/\/rovelotruck.com\/fr-ca\/#organization\"},\"potentialAction\":[{\"@type\":\"SearchAction\",\"target\":{\"@type\":\"EntryPoint\",\"urlTemplate\":\"https:\/\/rovelotruck.com\/fr-ca\/?s={search_term_string}\"},\"query-input\":{\"@type\":\"PropertyValueSpecification\",\"valueRequired\":true,\"valueName\":\"search_term_string\"}}],\"inLanguage\":\"es-US\"},{\"@type\":\"Organization\",\"@id\":\"https:\/\/rovelotruck.com\/fr-ca\/#organization\",\"name\":\"Rovelo Tires Canada\",\"url\":\"https:\/\/rovelotruck.com\/fr-ca\/\",\"logo\":{\"@type\":\"ImageObject\",\"inLanguage\":\"es-US\",\"@id\":\"https:\/\/rovelotruck.com\/fr-ca\/#\/schema\/logo\/image\/\",\"url\":\"https:\/\/rovelotruck-us.staging.binary.ink\/wp-content\/uploads\/2025\/04\/rovelo-logo.svg\",\"contentUrl\":\"https:\/\/rovelotruck-us.staging.binary.ink\/wp-content\/uploads\/2025\/04\/rovelo-logo.svg\",\"caption\":\"Rovelo Tires Canada\"},\"image\":{\"@id\":\"https:\/\/rovelotruck.com\/fr-ca\/#\/schema\/logo\/image\/\"}}]}<\/script>\n<!-- \/ Yoast SEO plugin. -->","yoast_head_json":{"title":"Neum\u00e1ticos Comerciales para Remolques de Cami\u00f3n | Neum\u00e1ticos Comerciales Rovelo EE. UU.","description":"Los neum\u00e1ticos para remolque de Rovelo est\u00e1n dise\u00f1ados para los ejes libres de rodadura de los remolques, proporcionando estabilidad, desgaste uniforme y gran durabilidad bajo las exigencias espec\u00edficas de los remolques. Descubra los neum\u00e1ticos para remolque de Rovelo.","robots":{"index":"index","follow":"follow","max-snippet":"max-snippet:-1","max-image-preview":"max-image-preview:large","max-video-preview":"max-video-preview:-1"},"canonical":"https:\/\/rovelotruck-us.staging.binary.ink\/es-us\/todos-los-neumaticos\/remolque\/","og_locale":"es_ES","og_type":"article","og_title":"Neum\u00e1ticos Comerciales para Remolques de Cami\u00f3n | Neum\u00e1ticos Comerciales Rovelo EE. UU.","og_description":"Los neum\u00e1ticos para remolque de Rovelo est\u00e1n dise\u00f1ados para los ejes libres de rodadura de los remolques, proporcionando estabilidad, desgaste uniforme y gran durabilidad bajo las exigencias espec\u00edficas de los remolques. Descubra los neum\u00e1ticos para remolque de Rovelo.","og_url":"https:\/\/rovelotruck-us.staging.binary.ink\/es-us\/todos-los-neumaticos\/remolque\/","og_site_name":"Rovelo Tire Canada","article_modified_time":"2025-09-14T21:00:21+00:00","og_image":[{"width":1200,"height":675,"url":"https:\/\/rovelotruck-us.staging.binary.ink\/wp-content\/uploads\/2025\/08\/SEO-Image-Commercial.jpg","type":"image\/jpeg"}],"twitter_card":"summary_large_image","schema":{"@context":"https:\/\/schema.org","@graph":[{"@type":"WebPage","@id":"https:\/\/rovelotruck-us.staging.binary.ink\/es-us\/todos-los-neumaticos\/remolque\/","url":"https:\/\/rovelotruck-us.staging.binary.ink\/es-us\/todos-los-neumaticos\/remolque\/","name":"Neum\u00e1ticos Comerciales para Remolques de Cami\u00f3n | Neum\u00e1ticos Comerciales Rovelo EE. UU.","isPartOf":{"@id":"https:\/\/rovelotruck.com\/fr-ca\/#website"},"datePublished":"2025-08-07T13:30:29+00:00","dateModified":"2025-09-14T21:00:21+00:00","description":"Los neum\u00e1ticos para remolque de Rovelo est\u00e1n dise\u00f1ados para los ejes libres de rodadura de los remolques, proporcionando estabilidad, desgaste uniforme y gran durabilidad bajo las exigencias espec\u00edficas de los remolques. Descubra los neum\u00e1ticos para remolque de Rovelo.","breadcrumb":{"@id":"https:\/\/rovelotruck-us.staging.binary.ink\/es-us\/todos-los-neumaticos\/remolque\/#breadcrumb"},"inLanguage":"es-US","potentialAction":[{"@type":"ReadAction","target":["https:\/\/rovelotruck-us.staging.binary.ink\/es-us\/todos-los-neumaticos\/remolque\/"]}]},{"@type":"BreadcrumbList","@id":"https:\/\/rovelotruck-us.staging.binary.ink\/es-us\/todos-los-neumaticos\/remolque\/#breadcrumb","itemListElement":[{"@type":"ListItem","position":1,"name":"Home","item":"https:\/\/rovelotruck.ca\/es-us\/"},{"@type":"ListItem","position":2,"name":"TODOS LOS NEUM\u00c1TICOS","item":"https:\/\/rovelotruck.ca\/es-us\/todos-los-neumaticos\/"},{"@type":"ListItem","position":3,"name":"REMOLQUE"}]},{"@type":"WebSite","@id":"https:\/\/rovelotruck.com\/fr-ca\/#website","url":"https:\/\/rovelotruck.com\/fr-ca\/","name":"Rovelo Tires Canada","description":"","publisher":{"@id":"https:\/\/rovelotruck.com\/fr-ca\/#organization"},"potentialAction":[{"@type":"SearchAction","target":{"@type":"EntryPoint","urlTemplate":"https:\/\/rovelotruck.com\/fr-ca\/?s={search_term_string}"},"query-input":{"@type":"PropertyValueSpecification","valueRequired":true,"valueName":"search_term_string"}}],"inLanguage":"es-US"},{"@type":"Organization","@id":"https:\/\/rovelotruck.com\/fr-ca\/#organization","name":"Rovelo Tires Canada","url":"https:\/\/rovelotruck.com\/fr-ca\/","logo":{"@type":"ImageObject","inLanguage":"es-US","@id":"https:\/\/rovelotruck.com\/fr-ca\/#\/schema\/logo\/image\/","url":"https:\/\/rovelotruck-us.staging.binary.ink\/wp-content\/uploads\/2025\/04\/rovelo-logo.svg","contentUrl":"https:\/\/rovelotruck-us.staging.binary.ink\/wp-content\/uploads\/2025\/04\/rovelo-logo.svg","caption":"Rovelo Tires Canada"},"image":{"@id":"https:\/\/rovelotruck.com\/fr-ca\/#\/schema\/logo\/image\/"}}]}},"_links":{"self":[{"href":"https:\/\/rovelotruck-us.staging.binary.ink\/es-us\/wp-json\/wp\/v2\/pages\/3895","targetHints":{"allow":["GET"]}}],"collection":[{"href":"https:\/\/rovelotruck-us.staging.binary.ink\/es-us\/wp-json\/wp\/v2\/pages"}],"about":[{"href":"https:\/\/rovelotruck-us.staging.binary.ink\/es-us\/wp-json\/wp\/v2\/types\/page"}],"author":[{"embeddable":true,"href":"https:\/\/rovelotruck-us.staging.binary.ink\/es-us\/wp-json\/wp\/v2\/users\/1"}],"replies":[{"embeddable":true,"href":"https:\/\/rovelotruck-us.staging.binary.ink\/es-us\/wp-json\/wp\/v2\/comments?post=3895"}],"version-history":[{"count":1,"href":"https:\/\/rovelotruck-us.staging.binary.ink\/es-us\/wp-json\/wp\/v2\/pages\/3895\/revisions"}],"predecessor-version":[{"id":3968,"href":"https:\/\/rovelotruck-us.staging.binary.ink\/es-us\/wp-json\/wp\/v2\/pages\/3895\/revisions\/3968"}],"up":[{"embeddable":true,"href":"https:\/\/rovelotruck-us.staging.binary.ink\/es-us\/wp-json\/wp\/v2\/pages\/3884"}],"wp:attachment":[{"href":"https:\/\/rovelotruck-us.staging.binary.ink\/es-us\/wp-json\/wp\/v2\/media?parent=3895"}],"curies":[{"name":"wp","href":"https:\/\/api.w.org\/{rel}","templated":true}]}}