{"id":4117,"date":"2025-08-07T14:26:30","date_gmt":"2025-08-07T14:26:30","guid":{"rendered":"https:\/\/rovelotruck.ca\/about\/seguridad-de-llantas\/"},"modified":"2025-09-18T17:59:36","modified_gmt":"2025-09-18T17:59:36","slug":"seguridad-de-llantas","status":"publish","type":"page","link":"https:\/\/rovelotruck-us.staging.binary.ink\/es-us\/about\/seguridad-de-llantas\/","title":{"rendered":"Seguridad de llantas"},"content":{"rendered":"<div id=\"med-title-block_15fb8349f32047b6bc0e7568d7077b51\"  class=\"container-fluid position-relative \">\n    <div class=\"row bg-dark text-light bg-dark-fade\"  style=\"height: 250px;\">\n        <div class=\"col-12 col-lg-5 p-0 offset-lg-7\">\n            <div class=\"wp-block-cover clip-lg-left\" style=\"aspect-ratio:unset;\">\n                <span aria-hidden=\"true\" class=\"wp-block-cover__background has-background-dim-60 has-background-dim wp-block-cover__gradient-background has-background-gradient has-dark-fade-gradient-background\"><\/span>\n                <img loading=\"lazy\" decoding=\"async\" class=\"wp-block-cover__image-background img-grow-on-load\" alt=\"\"  src=\"https:\/\/rovelotruck-us.staging.binary.ink\/wp-content\/uploads\/2025\/08\/TIRESAFETY-Section1-HeroImg.webp\" data-object-fit=\"cover\">\n            <\/div>\n        <\/div>\n    <\/div>\n    <div class=\"position-absolute w-100 h-100 d-flex flex-columns align-items-center\"  style=\"top:0;left:0;\">\n        \n        <div class=\"container-xl\">\n            <div class=\"row\">\n                <div class=\"col-12 col-lg-7\">\n                    <h1 class=\"text-white text-lg-primary text-shadow has-size-4-font-size aos-init\" data-aos=\"fade-right\" data-aos-duration=\"800\">Seguridad de llantas<\/h1>\n                <\/div>\n            <\/div>\n        <\/div>\n    <\/div>\n<\/div>\n\n\n<div class=\"wp-block-group container-xl mt-5 mb-5\">\n<div class=\"wp-block-group col-lg-9 m-auto\">\n<h2 class=\"wp-block-heading has-primary-color has-text-color has-link-color wp-elements-3bbd7e358909e07f32f8906fb4c4f553\">Se proporcionan con fines informativos y de seguridad.<\/h2>\n\n\n\n<p>Cuando las llantas se han usado da\u00f1adas o con baja presi\u00f3n de aire (con poco aire), nunca vuelva a inflarlas sin primero desinflarlas completamente, desmontarlas de la rueda, inspeccionarlas y repararlas adecuadamente. Un t\u00e9cnico entrenado y calificado debe llevar a cabo este procedimiento. Pueden ocurrir explosiones s\u00fabitas y desastrosas debido a da\u00f1o de la pared lateral (zipper) cuando se vuelven a inflar llantas que se usaron da\u00f1adas o con baja presi\u00f3n de aire (con poco aire). Una explosi\u00f3n debido a da\u00f1o de la pared lateral (zipper) puede causar lesiones o la muerte.    <\/p>\n\n\n\n<ul class=\"wp-block-list\">\n<li>Desinfle completamente una llanta que est\u00e9 da\u00f1ada o que tenga poco aire<\/li>\n\n\n\n<li>Desmonte la llanta de la rueda de acuerdo con los procedimientos de desmontaje de la RMA o de la OSHA<\/li>\n\n\n\n<li>Inspeccione la llanta por posible da\u00f1o (clavos, cortaduras, da\u00f1o al revestimiento, ruptura de las cuerdas radiales, etc.)<\/li>\n\n\n\n<li>Inspeccione la rueda por posible da\u00f1o (grietas, oxidaci\u00f3n excesiva, v\u00e1stago de la v\u00e1lvula, centro de la v\u00e1lvula, etc.)<\/li>\n\n\n\n<li>Repare la llanta de acuerdo con las normas del Grupo de fabricantes de materiales de reparaci\u00f3n de llantas (TRMG, por sus siglas en ingl\u00e9s)<\/li>\n\n\n\n<li>Monte la llanta en la rueda de acuerdo con los procedimientos de montaje de la RMA o de la OSHA<\/li>\n\n\n\n<li>Teniendo suma precauci\u00f3n, infle el ensamble de llanta y rueda en una jaula de seguridad (que cumpla las directivas de la OSHA) o en un dispositivo de restricci\u00f3n con una manguera de aire sujetable remota. Nunca sujete la llanta vertical cerca de su cuerpo en ninguna posici\u00f3n cuando la est\u00e9 inflando. \u00a1MANTENGA UNA DISTANCIA SEGURA Y FUERA DE LA ZONA DE TRAYECTORIA AL INFLAR CUALQUIER LLANTA!   <\/li>\n<\/ul>\n\n\n\n<p><br>Por favor, consulte los siguientes sitios web para obtener instrucciones completas. Rovelo recomienda s\u00f3lo t\u00e9cnicos de neum\u00e1ticos capacitados y calificados para realizar cualquier servicio de mantenimiento, reparaci\u00f3n e inspecci\u00f3n de neum\u00e1ticos.  <\/p>\n\n\n\n<div class=\"wp-block-group mt-5\"><div class=\"row rev-downloads\">        <div class=\"col-6 col-md-6 mb-4 download-item\">\n            <a href=\"https:\/\/www.osha.gov\/sites\/default\/files\/publications\/wheel-chart-booklet.pdf\" target=\"_blank\" class=\"card text-decoration-none h-100 p-3 rounded-1 shadow-sm\">\n                <div class=\"d-flex mb-2\">\n                    <img decoding=\"async\" src=\"https:\/\/rovelotruck-us.staging.binary.ink\/wp-content\/uploads\/2025\/08\/icon-pdf.svg\" alt=\"icon-pdf\" \/>\n                    <span class=\"h3 flex-fill ms-3 mb-0\">Folleto<\/span>\n                    \n                <\/div>\n                <span>Servicio de ruedas con aros de una y varias piezas<\/span>\n            <\/a>\n        <\/div>\n                <div class=\"col-6 col-md-6 mb-4 download-item\">\n            <a href=\"https:\/\/www.osha.gov\/sites\/default\/files\/publications\/3401tubeless-truck-bus-tires-wall-chart.pdf\" target=\"_blank\" class=\"card text-decoration-none h-100 p-3 rounded-1 shadow-sm\">\n                <div class=\"d-flex mb-2\">\n                    <img decoding=\"async\" src=\"https:\/\/rovelotruck-us.staging.binary.ink\/wp-content\/uploads\/2025\/08\/icon-pdf.svg\" alt=\"icon-pdf\" \/>\n                    <span class=\"h3 flex-fill ms-3 mb-0\">Gr\u00e1fico mural<\/span>\n                    \n                <\/div>\n                <span>Procedimientos de desmontaje y montaje de llantas sin c\u00e1mara para camiones y autobuses seg\u00fan OSHA.<\/span>\n            <\/a>\n        <\/div>\n                <div class=\"col-6 col-md-6 mb-4 download-item\">\n            <a href=\"https:\/\/www.tireindustry.org\/resources\" target=\"_blank\" class=\"card text-decoration-none h-100 p-3 rounded-1 shadow-sm\">\n                <div class=\"d-flex mb-2\">\n                    <img decoding=\"async\" src=\"https:\/\/rovelotruck-us.staging.binary.ink\/wp-content\/uploads\/2025\/08\/icon-link.svg\" alt=\"icon-link\" \/>\n                    <span class=\"h3 flex-fill ms-3 mb-0\">Recursos<\/span>\n                    \n                <\/div>\n                <span>Recursos, materiales de referencia y formaci\u00f3n de la Tire Industry Association. <\/span>\n            <\/a>\n        <\/div>\n                <div class=\"col-6 col-md-6 mb-4 download-item\">\n            <a href=\"https:\/\/rovelotruck.ca\/wp-content\/uploads\/2025\/09\/Inflation-Safety-Label-ES.pdf\" target=\"_blank\" class=\"card text-decoration-none h-100 p-3 rounded-1 shadow-sm\">\n                <div class=\"d-flex mb-2\">\n                    <img decoding=\"async\" src=\"https:\/\/rovelotruck-us.staging.binary.ink\/wp-content\/uploads\/2025\/08\/icon-pdf.svg\" alt=\"icon-pdf\" \/>\n                    <span class=\"h3 flex-fill ms-3 mb-0\">Etiqueta de seguridad<\/span>\n                    \n                <\/div>\n                <span>Etiqueta de advertencia sobre el inflado de llantas. <\/span>\n            <\/a>\n        <\/div>\n        <\/div><\/div>\n<\/div>\n<\/div>\n","protected":false},"excerpt":{"rendered":"<p>Se proporcionan con fines informativos y de seguridad. Cuando las llantas se han usado da\u00f1adas o con baja presi\u00f3n de aire (con poco aire), nunca vuelva a inflarlas sin primero desinflarlas completamente, desmontarlas de la rueda, inspeccionarlas y repararlas adecuadamente. Un t\u00e9cnico entrenado y calificado debe llevar a cabo este procedimiento. Pueden ocurrir explosiones s\u00fabitas [&hellip;]<\/p>\n","protected":false},"author":1,"featured_media":0,"parent":3912,"menu_order":0,"comment_status":"closed","ping_status":"closed","template":"","meta":{"_acf_changed":false,"footnotes":""},"class_list":["post-4117","page","type-page","status-publish","hentry"],"acf":[],"yoast_head":"<!-- This site is optimized with the Yoast SEO plugin v27.2 - https:\/\/yoast.com\/product\/yoast-seo-wordpress\/ -->\n<title>Seguridad de Neum\u00e1ticos Comerciales | Neum\u00e1ticos Comerciales Rovelo EE. UU.<\/title>\n<meta name=\"description\" content=\"La seguridad de los neum\u00e1ticos es importante. Aprenda sobre seguridad de neum\u00e1ticos comerciales con Rovelo US y siga nuestros consejos para mantenerse seguro en la carretera.\" \/>\n<meta name=\"robots\" content=\"index, follow, max-snippet:-1, max-image-preview:large, max-video-preview:-1\" \/>\n<link rel=\"canonical\" href=\"https:\/\/rovelotruck-us.staging.binary.ink\/es-us\/about\/seguridad-de-llantas\/\" \/>\n<meta property=\"og:locale\" content=\"es_ES\" \/>\n<meta property=\"og:type\" content=\"article\" \/>\n<meta property=\"og:title\" content=\"Seguridad de Neum\u00e1ticos Comerciales | Neum\u00e1ticos Comerciales Rovelo EE. UU.\" \/>\n<meta property=\"og:description\" content=\"La seguridad de los neum\u00e1ticos es importante. Aprenda sobre seguridad de neum\u00e1ticos comerciales con Rovelo US y siga nuestros consejos para mantenerse seguro en la carretera.\" \/>\n<meta property=\"og:url\" content=\"https:\/\/rovelotruck-us.staging.binary.ink\/es-us\/about\/seguridad-de-llantas\/\" \/>\n<meta property=\"og:site_name\" content=\"Rovelo Tire Canada\" \/>\n<meta property=\"article:modified_time\" content=\"2025-09-18T17:59:36+00:00\" \/>\n<meta property=\"og:image\" content=\"https:\/\/rovelotruck-us.staging.binary.ink\/wp-content\/uploads\/2025\/08\/SEO-Image-Commercial.jpg\" \/>\n\t<meta property=\"og:image:width\" content=\"1200\" \/>\n\t<meta property=\"og:image:height\" content=\"675\" \/>\n\t<meta property=\"og:image:type\" content=\"image\/jpeg\" \/>\n<meta name=\"twitter:card\" content=\"summary_large_image\" \/>\n<meta name=\"twitter:label1\" content=\"Est. reading time\" \/>\n\t<meta name=\"twitter:data1\" content=\"2 minutes\" \/>\n<script type=\"application\/ld+json\" class=\"yoast-schema-graph\">{\"@context\":\"https:\/\/schema.org\",\"@graph\":[{\"@type\":\"WebPage\",\"@id\":\"https:\/\/rovelotruck-us.staging.binary.ink\/es-us\/about\/seguridad-de-llantas\/\",\"url\":\"https:\/\/rovelotruck-us.staging.binary.ink\/es-us\/about\/seguridad-de-llantas\/\",\"name\":\"Seguridad de Neum\u00e1ticos Comerciales | Neum\u00e1ticos Comerciales Rovelo EE. UU.\",\"isPartOf\":{\"@id\":\"https:\/\/rovelotruck.com\/fr-ca\/#website\"},\"datePublished\":\"2025-08-07T14:26:30+00:00\",\"dateModified\":\"2025-09-18T17:59:36+00:00\",\"description\":\"La seguridad de los neum\u00e1ticos es importante. Aprenda sobre seguridad de neum\u00e1ticos comerciales con Rovelo US y siga nuestros consejos para mantenerse seguro en la carretera.\",\"breadcrumb\":{\"@id\":\"https:\/\/rovelotruck-us.staging.binary.ink\/es-us\/about\/seguridad-de-llantas\/#breadcrumb\"},\"inLanguage\":\"es-US\",\"potentialAction\":[{\"@type\":\"ReadAction\",\"target\":[\"https:\/\/rovelotruck-us.staging.binary.ink\/es-us\/about\/seguridad-de-llantas\/\"]}]},{\"@type\":\"BreadcrumbList\",\"@id\":\"https:\/\/rovelotruck-us.staging.binary.ink\/es-us\/about\/seguridad-de-llantas\/#breadcrumb\",\"itemListElement\":[{\"@type\":\"ListItem\",\"position\":1,\"name\":\"Home\",\"item\":\"https:\/\/rovelotruck.ca\/es-us\/\"},{\"@type\":\"ListItem\",\"position\":2,\"name\":\"About\",\"item\":\"https:\/\/rovelotruck.com\/es-us\/about\/\"},{\"@type\":\"ListItem\",\"position\":3,\"name\":\"Seguridad de llantas\"}]},{\"@type\":\"WebSite\",\"@id\":\"https:\/\/rovelotruck.com\/fr-ca\/#website\",\"url\":\"https:\/\/rovelotruck.com\/fr-ca\/\",\"name\":\"Rovelo Tires Canada\",\"description\":\"\",\"publisher\":{\"@id\":\"https:\/\/rovelotruck.com\/fr-ca\/#organization\"},\"potentialAction\":[{\"@type\":\"SearchAction\",\"target\":{\"@type\":\"EntryPoint\",\"urlTemplate\":\"https:\/\/rovelotruck.com\/fr-ca\/?s={search_term_string}\"},\"query-input\":{\"@type\":\"PropertyValueSpecification\",\"valueRequired\":true,\"valueName\":\"search_term_string\"}}],\"inLanguage\":\"es-US\"},{\"@type\":\"Organization\",\"@id\":\"https:\/\/rovelotruck.com\/fr-ca\/#organization\",\"name\":\"Rovelo Tires Canada\",\"url\":\"https:\/\/rovelotruck.com\/fr-ca\/\",\"logo\":{\"@type\":\"ImageObject\",\"inLanguage\":\"es-US\",\"@id\":\"https:\/\/rovelotruck.com\/fr-ca\/#\/schema\/logo\/image\/\",\"url\":\"https:\/\/rovelotruck-us.staging.binary.ink\/wp-content\/uploads\/2025\/04\/rovelo-logo.svg\",\"contentUrl\":\"https:\/\/rovelotruck-us.staging.binary.ink\/wp-content\/uploads\/2025\/04\/rovelo-logo.svg\",\"caption\":\"Rovelo Tires Canada\"},\"image\":{\"@id\":\"https:\/\/rovelotruck.com\/fr-ca\/#\/schema\/logo\/image\/\"}}]}<\/script>\n<!-- \/ Yoast SEO plugin. -->","yoast_head_json":{"title":"Seguridad de Neum\u00e1ticos Comerciales | Neum\u00e1ticos Comerciales Rovelo EE. UU.","description":"La seguridad de los neum\u00e1ticos es importante. Aprenda sobre seguridad de neum\u00e1ticos comerciales con Rovelo US y siga nuestros consejos para mantenerse seguro en la carretera.","robots":{"index":"index","follow":"follow","max-snippet":"max-snippet:-1","max-image-preview":"max-image-preview:large","max-video-preview":"max-video-preview:-1"},"canonical":"https:\/\/rovelotruck-us.staging.binary.ink\/es-us\/about\/seguridad-de-llantas\/","og_locale":"es_ES","og_type":"article","og_title":"Seguridad de Neum\u00e1ticos Comerciales | Neum\u00e1ticos Comerciales Rovelo EE. UU.","og_description":"La seguridad de los neum\u00e1ticos es importante. Aprenda sobre seguridad de neum\u00e1ticos comerciales con Rovelo US y siga nuestros consejos para mantenerse seguro en la carretera.","og_url":"https:\/\/rovelotruck-us.staging.binary.ink\/es-us\/about\/seguridad-de-llantas\/","og_site_name":"Rovelo Tire Canada","article_modified_time":"2025-09-18T17:59:36+00:00","og_image":[{"width":1200,"height":675,"url":"https:\/\/rovelotruck-us.staging.binary.ink\/wp-content\/uploads\/2025\/08\/SEO-Image-Commercial.jpg","type":"image\/jpeg"}],"twitter_card":"summary_large_image","twitter_misc":{"Est. reading time":"2 minutes"},"schema":{"@context":"https:\/\/schema.org","@graph":[{"@type":"WebPage","@id":"https:\/\/rovelotruck-us.staging.binary.ink\/es-us\/about\/seguridad-de-llantas\/","url":"https:\/\/rovelotruck-us.staging.binary.ink\/es-us\/about\/seguridad-de-llantas\/","name":"Seguridad de Neum\u00e1ticos Comerciales | Neum\u00e1ticos Comerciales Rovelo EE. UU.","isPartOf":{"@id":"https:\/\/rovelotruck.com\/fr-ca\/#website"},"datePublished":"2025-08-07T14:26:30+00:00","dateModified":"2025-09-18T17:59:36+00:00","description":"La seguridad de los neum\u00e1ticos es importante. Aprenda sobre seguridad de neum\u00e1ticos comerciales con Rovelo US y siga nuestros consejos para mantenerse seguro en la carretera.","breadcrumb":{"@id":"https:\/\/rovelotruck-us.staging.binary.ink\/es-us\/about\/seguridad-de-llantas\/#breadcrumb"},"inLanguage":"es-US","potentialAction":[{"@type":"ReadAction","target":["https:\/\/rovelotruck-us.staging.binary.ink\/es-us\/about\/seguridad-de-llantas\/"]}]},{"@type":"BreadcrumbList","@id":"https:\/\/rovelotruck-us.staging.binary.ink\/es-us\/about\/seguridad-de-llantas\/#breadcrumb","itemListElement":[{"@type":"ListItem","position":1,"name":"Home","item":"https:\/\/rovelotruck.ca\/es-us\/"},{"@type":"ListItem","position":2,"name":"About","item":"https:\/\/rovelotruck.com\/es-us\/about\/"},{"@type":"ListItem","position":3,"name":"Seguridad de llantas"}]},{"@type":"WebSite","@id":"https:\/\/rovelotruck.com\/fr-ca\/#website","url":"https:\/\/rovelotruck.com\/fr-ca\/","name":"Rovelo Tires Canada","description":"","publisher":{"@id":"https:\/\/rovelotruck.com\/fr-ca\/#organization"},"potentialAction":[{"@type":"SearchAction","target":{"@type":"EntryPoint","urlTemplate":"https:\/\/rovelotruck.com\/fr-ca\/?s={search_term_string}"},"query-input":{"@type":"PropertyValueSpecification","valueRequired":true,"valueName":"search_term_string"}}],"inLanguage":"es-US"},{"@type":"Organization","@id":"https:\/\/rovelotruck.com\/fr-ca\/#organization","name":"Rovelo Tires Canada","url":"https:\/\/rovelotruck.com\/fr-ca\/","logo":{"@type":"ImageObject","inLanguage":"es-US","@id":"https:\/\/rovelotruck.com\/fr-ca\/#\/schema\/logo\/image\/","url":"https:\/\/rovelotruck-us.staging.binary.ink\/wp-content\/uploads\/2025\/04\/rovelo-logo.svg","contentUrl":"https:\/\/rovelotruck-us.staging.binary.ink\/wp-content\/uploads\/2025\/04\/rovelo-logo.svg","caption":"Rovelo Tires Canada"},"image":{"@id":"https:\/\/rovelotruck.com\/fr-ca\/#\/schema\/logo\/image\/"}}]}},"_links":{"self":[{"href":"https:\/\/rovelotruck-us.staging.binary.ink\/es-us\/wp-json\/wp\/v2\/pages\/4117","targetHints":{"allow":["GET"]}}],"collection":[{"href":"https:\/\/rovelotruck-us.staging.binary.ink\/es-us\/wp-json\/wp\/v2\/pages"}],"about":[{"href":"https:\/\/rovelotruck-us.staging.binary.ink\/es-us\/wp-json\/wp\/v2\/types\/page"}],"author":[{"embeddable":true,"href":"https:\/\/rovelotruck-us.staging.binary.ink\/es-us\/wp-json\/wp\/v2\/users\/1"}],"replies":[{"embeddable":true,"href":"https:\/\/rovelotruck-us.staging.binary.ink\/es-us\/wp-json\/wp\/v2\/comments?post=4117"}],"version-history":[{"count":2,"href":"https:\/\/rovelotruck-us.staging.binary.ink\/es-us\/wp-json\/wp\/v2\/pages\/4117\/revisions"}],"predecessor-version":[{"id":4123,"href":"https:\/\/rovelotruck-us.staging.binary.ink\/es-us\/wp-json\/wp\/v2\/pages\/4117\/revisions\/4123"}],"up":[{"embeddable":true,"href":"https:\/\/rovelotruck-us.staging.binary.ink\/es-us\/wp-json\/wp\/v2\/pages\/3912"}],"wp:attachment":[{"href":"https:\/\/rovelotruck-us.staging.binary.ink\/es-us\/wp-json\/wp\/v2\/media?parent=4117"}],"curies":[{"name":"wp","href":"https:\/\/api.w.org\/{rel}","templated":true}]}}