{"id":4124,"date":"2025-08-07T14:21:17","date_gmt":"2025-08-07T14:21:17","guid":{"rendered":"https:\/\/rovelotruck.ca\/about\/especificaciones-de-recauchutado\/"},"modified":"2025-09-18T18:01:18","modified_gmt":"2025-09-18T18:01:18","slug":"especificaciones-de-recauchutado","status":"publish","type":"page","link":"https:\/\/rovelotruck-us.staging.binary.ink\/es-us\/about\/especificaciones-de-recauchutado\/","title":{"rendered":"Especificaciones de recauchutado"},"content":{"rendered":"<div id=\"med-title-block_f8ce05039155fbfbeefa752d49cdbd13\"  class=\"container-fluid position-relative \">\n    <div class=\"row bg-dark text-light bg-dark-fade\"  style=\"height: 250px;\">\n        <div class=\"col-12 col-lg-5 p-0 offset-lg-7\">\n            <div class=\"wp-block-cover clip-lg-left\" style=\"aspect-ratio:unset;\">\n                <span aria-hidden=\"true\" class=\"wp-block-cover__background has-background-dim-60 has-background-dim wp-block-cover__gradient-background has-background-gradient has-dark-fade-gradient-background\"><\/span>\n                <img loading=\"lazy\" decoding=\"async\" class=\"wp-block-cover__image-background img-grow-on-load\" alt=\"\"  src=\"https:\/\/rovelotruck-us.staging.binary.ink\/wp-content\/uploads\/2025\/08\/RetreadSpecs-Section1-HeroImg.webp\" data-object-fit=\"cover\">\n            <\/div>\n        <\/div>\n    <\/div>\n    <div class=\"position-absolute w-100 h-100 d-flex flex-columns align-items-center\"  style=\"top:0;left:0;\">\n        \n        <div class=\"container-xl\">\n            <div class=\"row\">\n                <div class=\"col-12 col-lg-7\">\n                    <h1 class=\"text-white text-lg-primary text-shadow has-size-4-font-size aos-init\" data-aos=\"fade-right\" data-aos-duration=\"800\">Especificaciones de recauchutado<\/h1>\n                <\/div>\n            <\/div>\n        <\/div>\n    <\/div>\n<\/div>\n<div class=\"wp-block-group container-xl mt-5 mb-5\">\n<p><br\/>Las especificaciones indicadas a continuaci\u00f3n son solo una recomendaci\u00f3n. El equipo de esmerilado puede variar, por lo tanto, estas especificaciones deben verificarse para cada tipo diferente de esmeriladora. El perfil del esmerilado debe verificarse utilizando cortes de prueba (\u201cpilot skives\u201d) de 3\/32\u201d a lo ancho de la superficie esmerilada de la banda de rodamiento.<br\/>  <br\/><br\/><br\/><\/p>\n\n\n\n<div class=\"wp-block-buttons\">\n<div class=\"wp-block-button\"><a class=\"wp-block-button__link has-primary-background-color has-background wp-element-button\" href=\"https:\/\/rovelotruck.ca\/wp-content\/uploads\/2025\/08\/Retread-Specs-RV.pdf\">Descargar la hoja de especificaciones de recauchutado<\/a><\/div>\n<\/div>\n<\/div>\n","protected":false},"excerpt":{"rendered":"<p>Las especificaciones indicadas a continuaci\u00f3n son solo una recomendaci\u00f3n. El equipo de esmerilado puede variar, por lo tanto, estas especificaciones deben verificarse para cada tipo diferente de esmeriladora. El perfil del esmerilado debe verificarse utilizando cortes de prueba (\u201cpilot skives\u201d) de 3\/32\u201d a lo ancho de la superficie esmerilada de la banda de rodamiento.<\/p>\n","protected":false},"author":1,"featured_media":0,"parent":3912,"menu_order":0,"comment_status":"closed","ping_status":"closed","template":"","meta":{"_acf_changed":false,"footnotes":""},"class_list":["post-4124","page","type-page","status-publish","hentry"],"acf":[],"yoast_head":"<!-- This site is optimized with the Yoast SEO plugin v27.2 - https:\/\/yoast.com\/product\/yoast-seo-wordpress\/ -->\n<title>Especificaciones de recauchutado | Neum\u00e1ticos Comerciales Rovelo EE. UU<\/title>\n<meta name=\"robots\" content=\"index, follow, max-snippet:-1, max-image-preview:large, max-video-preview:-1\" \/>\n<link rel=\"canonical\" href=\"https:\/\/rovelotruck-us.staging.binary.ink\/es-us\/about\/especificaciones-de-recauchutado\/\" \/>\n<meta property=\"og:locale\" content=\"es_ES\" \/>\n<meta property=\"og:type\" content=\"article\" \/>\n<meta property=\"og:title\" content=\"Especificaciones de recauchutado | Neum\u00e1ticos Comerciales Rovelo EE. UU\" \/>\n<meta property=\"og:description\" content=\"Las especificaciones indicadas a continuaci\u00f3n son solo una recomendaci\u00f3n. El equipo de esmerilado puede variar, por lo tanto, estas especificaciones deben verificarse para cada tipo diferente de esmeriladora. El perfil del esmerilado debe verificarse utilizando cortes de prueba (\u201cpilot skives\u201d) de 3\/32\u201d a lo ancho de la superficie esmerilada de la banda de rodamiento.\" \/>\n<meta property=\"og:url\" content=\"https:\/\/rovelotruck-us.staging.binary.ink\/es-us\/about\/especificaciones-de-recauchutado\/\" \/>\n<meta property=\"og:site_name\" content=\"Rovelo Tire Canada\" \/>\n<meta property=\"article:modified_time\" content=\"2025-09-18T18:01:18+00:00\" \/>\n<meta property=\"og:image\" content=\"https:\/\/rovelotruck-us.staging.binary.ink\/wp-content\/uploads\/2025\/08\/SEO-Image-Commercial.jpg\" \/>\n\t<meta property=\"og:image:width\" content=\"1200\" \/>\n\t<meta property=\"og:image:height\" content=\"675\" \/>\n\t<meta property=\"og:image:type\" content=\"image\/jpeg\" \/>\n<meta name=\"twitter:card\" content=\"summary_large_image\" \/>\n<script type=\"application\/ld+json\" class=\"yoast-schema-graph\">{\"@context\":\"https:\/\/schema.org\",\"@graph\":[{\"@type\":\"WebPage\",\"@id\":\"https:\/\/rovelotruck-us.staging.binary.ink\/es-us\/about\/especificaciones-de-recauchutado\/\",\"url\":\"https:\/\/rovelotruck-us.staging.binary.ink\/es-us\/about\/especificaciones-de-recauchutado\/\",\"name\":\"Especificaciones de recauchutado | Neum\u00e1ticos Comerciales Rovelo EE. UU\",\"isPartOf\":{\"@id\":\"https:\/\/rovelotruck.com\/fr-ca\/#website\"},\"datePublished\":\"2025-08-07T14:21:17+00:00\",\"dateModified\":\"2025-09-18T18:01:18+00:00\",\"breadcrumb\":{\"@id\":\"https:\/\/rovelotruck-us.staging.binary.ink\/es-us\/about\/especificaciones-de-recauchutado\/#breadcrumb\"},\"inLanguage\":\"es-US\",\"potentialAction\":[{\"@type\":\"ReadAction\",\"target\":[\"https:\/\/rovelotruck-us.staging.binary.ink\/es-us\/about\/especificaciones-de-recauchutado\/\"]}]},{\"@type\":\"BreadcrumbList\",\"@id\":\"https:\/\/rovelotruck-us.staging.binary.ink\/es-us\/about\/especificaciones-de-recauchutado\/#breadcrumb\",\"itemListElement\":[{\"@type\":\"ListItem\",\"position\":1,\"name\":\"Home\",\"item\":\"https:\/\/rovelotruck.ca\/es-us\/\"},{\"@type\":\"ListItem\",\"position\":2,\"name\":\"About\",\"item\":\"https:\/\/rovelotruck.com\/es-us\/about\/\"},{\"@type\":\"ListItem\",\"position\":3,\"name\":\"Especificaciones de recauchutado\"}]},{\"@type\":\"WebSite\",\"@id\":\"https:\/\/rovelotruck.com\/fr-ca\/#website\",\"url\":\"https:\/\/rovelotruck.com\/fr-ca\/\",\"name\":\"Rovelo Tires Canada\",\"description\":\"\",\"publisher\":{\"@id\":\"https:\/\/rovelotruck.com\/fr-ca\/#organization\"},\"potentialAction\":[{\"@type\":\"SearchAction\",\"target\":{\"@type\":\"EntryPoint\",\"urlTemplate\":\"https:\/\/rovelotruck.com\/fr-ca\/?s={search_term_string}\"},\"query-input\":{\"@type\":\"PropertyValueSpecification\",\"valueRequired\":true,\"valueName\":\"search_term_string\"}}],\"inLanguage\":\"es-US\"},{\"@type\":\"Organization\",\"@id\":\"https:\/\/rovelotruck.com\/fr-ca\/#organization\",\"name\":\"Rovelo Tires Canada\",\"url\":\"https:\/\/rovelotruck.com\/fr-ca\/\",\"logo\":{\"@type\":\"ImageObject\",\"inLanguage\":\"es-US\",\"@id\":\"https:\/\/rovelotruck.com\/fr-ca\/#\/schema\/logo\/image\/\",\"url\":\"https:\/\/rovelotruck-us.staging.binary.ink\/wp-content\/uploads\/2025\/04\/rovelo-logo.svg\",\"contentUrl\":\"https:\/\/rovelotruck-us.staging.binary.ink\/wp-content\/uploads\/2025\/04\/rovelo-logo.svg\",\"caption\":\"Rovelo Tires Canada\"},\"image\":{\"@id\":\"https:\/\/rovelotruck.com\/fr-ca\/#\/schema\/logo\/image\/\"}}]}<\/script>\n<!-- \/ Yoast SEO plugin. -->","yoast_head_json":{"title":"Especificaciones de recauchutado | Neum\u00e1ticos Comerciales Rovelo EE. UU","robots":{"index":"index","follow":"follow","max-snippet":"max-snippet:-1","max-image-preview":"max-image-preview:large","max-video-preview":"max-video-preview:-1"},"canonical":"https:\/\/rovelotruck-us.staging.binary.ink\/es-us\/about\/especificaciones-de-recauchutado\/","og_locale":"es_ES","og_type":"article","og_title":"Especificaciones de recauchutado | Neum\u00e1ticos Comerciales Rovelo EE. UU","og_description":"Las especificaciones indicadas a continuaci\u00f3n son solo una recomendaci\u00f3n. El equipo de esmerilado puede variar, por lo tanto, estas especificaciones deben verificarse para cada tipo diferente de esmeriladora. El perfil del esmerilado debe verificarse utilizando cortes de prueba (\u201cpilot skives\u201d) de 3\/32\u201d a lo ancho de la superficie esmerilada de la banda de rodamiento.","og_url":"https:\/\/rovelotruck-us.staging.binary.ink\/es-us\/about\/especificaciones-de-recauchutado\/","og_site_name":"Rovelo Tire Canada","article_modified_time":"2025-09-18T18:01:18+00:00","og_image":[{"width":1200,"height":675,"url":"https:\/\/rovelotruck-us.staging.binary.ink\/wp-content\/uploads\/2025\/08\/SEO-Image-Commercial.jpg","type":"image\/jpeg"}],"twitter_card":"summary_large_image","schema":{"@context":"https:\/\/schema.org","@graph":[{"@type":"WebPage","@id":"https:\/\/rovelotruck-us.staging.binary.ink\/es-us\/about\/especificaciones-de-recauchutado\/","url":"https:\/\/rovelotruck-us.staging.binary.ink\/es-us\/about\/especificaciones-de-recauchutado\/","name":"Especificaciones de recauchutado | Neum\u00e1ticos Comerciales Rovelo EE. UU","isPartOf":{"@id":"https:\/\/rovelotruck.com\/fr-ca\/#website"},"datePublished":"2025-08-07T14:21:17+00:00","dateModified":"2025-09-18T18:01:18+00:00","breadcrumb":{"@id":"https:\/\/rovelotruck-us.staging.binary.ink\/es-us\/about\/especificaciones-de-recauchutado\/#breadcrumb"},"inLanguage":"es-US","potentialAction":[{"@type":"ReadAction","target":["https:\/\/rovelotruck-us.staging.binary.ink\/es-us\/about\/especificaciones-de-recauchutado\/"]}]},{"@type":"BreadcrumbList","@id":"https:\/\/rovelotruck-us.staging.binary.ink\/es-us\/about\/especificaciones-de-recauchutado\/#breadcrumb","itemListElement":[{"@type":"ListItem","position":1,"name":"Home","item":"https:\/\/rovelotruck.ca\/es-us\/"},{"@type":"ListItem","position":2,"name":"About","item":"https:\/\/rovelotruck.com\/es-us\/about\/"},{"@type":"ListItem","position":3,"name":"Especificaciones de recauchutado"}]},{"@type":"WebSite","@id":"https:\/\/rovelotruck.com\/fr-ca\/#website","url":"https:\/\/rovelotruck.com\/fr-ca\/","name":"Rovelo Tires Canada","description":"","publisher":{"@id":"https:\/\/rovelotruck.com\/fr-ca\/#organization"},"potentialAction":[{"@type":"SearchAction","target":{"@type":"EntryPoint","urlTemplate":"https:\/\/rovelotruck.com\/fr-ca\/?s={search_term_string}"},"query-input":{"@type":"PropertyValueSpecification","valueRequired":true,"valueName":"search_term_string"}}],"inLanguage":"es-US"},{"@type":"Organization","@id":"https:\/\/rovelotruck.com\/fr-ca\/#organization","name":"Rovelo Tires Canada","url":"https:\/\/rovelotruck.com\/fr-ca\/","logo":{"@type":"ImageObject","inLanguage":"es-US","@id":"https:\/\/rovelotruck.com\/fr-ca\/#\/schema\/logo\/image\/","url":"https:\/\/rovelotruck-us.staging.binary.ink\/wp-content\/uploads\/2025\/04\/rovelo-logo.svg","contentUrl":"https:\/\/rovelotruck-us.staging.binary.ink\/wp-content\/uploads\/2025\/04\/rovelo-logo.svg","caption":"Rovelo Tires Canada"},"image":{"@id":"https:\/\/rovelotruck.com\/fr-ca\/#\/schema\/logo\/image\/"}}]}},"_links":{"self":[{"href":"https:\/\/rovelotruck-us.staging.binary.ink\/es-us\/wp-json\/wp\/v2\/pages\/4124","targetHints":{"allow":["GET"]}}],"collection":[{"href":"https:\/\/rovelotruck-us.staging.binary.ink\/es-us\/wp-json\/wp\/v2\/pages"}],"about":[{"href":"https:\/\/rovelotruck-us.staging.binary.ink\/es-us\/wp-json\/wp\/v2\/types\/page"}],"author":[{"embeddable":true,"href":"https:\/\/rovelotruck-us.staging.binary.ink\/es-us\/wp-json\/wp\/v2\/users\/1"}],"replies":[{"embeddable":true,"href":"https:\/\/rovelotruck-us.staging.binary.ink\/es-us\/wp-json\/wp\/v2\/comments?post=4124"}],"version-history":[{"count":1,"href":"https:\/\/rovelotruck-us.staging.binary.ink\/es-us\/wp-json\/wp\/v2\/pages\/4124\/revisions"}],"predecessor-version":[{"id":4125,"href":"https:\/\/rovelotruck-us.staging.binary.ink\/es-us\/wp-json\/wp\/v2\/pages\/4124\/revisions\/4125"}],"up":[{"embeddable":true,"href":"https:\/\/rovelotruck-us.staging.binary.ink\/es-us\/wp-json\/wp\/v2\/pages\/3912"}],"wp:attachment":[{"href":"https:\/\/rovelotruck-us.staging.binary.ink\/es-us\/wp-json\/wp\/v2\/media?parent=4124"}],"curies":[{"name":"wp","href":"https:\/\/api.w.org\/{rel}","templated":true}]}}