{"id":2179,"date":"2025-04-09T14:01:45","date_gmt":"2025-04-09T14:01:45","guid":{"rendered":"https:\/\/rovelotruck.ca\/accueil\/"},"modified":"2026-01-09T20:17:20","modified_gmt":"2026-01-09T20:17:20","slug":"accueil","status":"publish","type":"page","link":"https:\/\/rovelotruck-us.staging.binary.ink\/fr-ca\/","title":{"rendered":"Accueil"},"content":{"rendered":"","protected":false},"excerpt":{"rendered":"","protected":false},"author":1,"featured_media":0,"parent":0,"menu_order":0,"comment_status":"closed","ping_status":"closed","template":"","meta":{"_acf_changed":false,"footnotes":""},"class_list":["post-2179","page","type-page","status-publish","hentry"],"acf":[],"yoast_head":"<!-- This site is optimized with the Yoast SEO plugin v27.2 - https:\/\/yoast.com\/product\/yoast-seo-wordpress\/ -->\n<title>Pneus Commerciaux et de Flotte pour Camions | Pneus Commerciaux Rovelo Canada<\/title>\n<meta name=\"description\" content=\"Rovelo est un chef de file en mati\u00e8re de valeur, offrant une large gamme de dimensions populaires et d\u2019applications pour les pneus de camions commerciaux et les flottes partout au Canada. D\u00e9couvrez la diff\u00e9rence Rovelo d\u00e8s aujourd\u2019hui.\" \/>\n<meta name=\"robots\" content=\"index, follow, max-snippet:-1, max-image-preview:large, max-video-preview:-1\" \/>\n<link rel=\"canonical\" href=\"https:\/\/rovelotruck-us.staging.binary.ink\/fr-ca\/\" \/>\n<meta property=\"og:locale\" content=\"fr_CA\" \/>\n<meta property=\"og:type\" content=\"article\" \/>\n<meta property=\"og:title\" content=\"Pneus Commerciaux et de Flotte pour Camions | Pneus Commerciaux Rovelo Canada\" \/>\n<meta property=\"og:description\" content=\"Rovelo est un chef de file en mati\u00e8re de valeur, offrant une large gamme de dimensions populaires et d\u2019applications pour les pneus de camions commerciaux et les flottes partout au Canada. D\u00e9couvrez la diff\u00e9rence Rovelo d\u00e8s aujourd\u2019hui.\" \/>\n<meta property=\"og:url\" content=\"https:\/\/rovelotruck-us.staging.binary.ink\/fr-ca\/\" \/>\n<meta property=\"og:site_name\" content=\"Rovelo Tire Canada\" \/>\n<meta property=\"article:modified_time\" content=\"2026-01-09T20:17:20+00:00\" \/>\n<meta property=\"og:image\" content=\"https:\/\/rovelotruck-us.staging.binary.ink\/wp-content\/uploads\/2025\/08\/SEO-Image-Commercial.jpg\" \/>\n\t<meta property=\"og:image:width\" content=\"1200\" \/>\n\t<meta property=\"og:image:height\" content=\"675\" \/>\n\t<meta property=\"og:image:type\" content=\"image\/jpeg\" \/>\n<meta name=\"twitter:card\" content=\"summary_large_image\" \/>\n<script type=\"application\/ld+json\" class=\"yoast-schema-graph\">{\"@context\":\"https:\/\/schema.org\",\"@graph\":[{\"@type\":\"WebPage\",\"@id\":\"https:\/\/rovelotruck-us.staging.binary.ink\/fr-ca\/\",\"url\":\"https:\/\/rovelotruck-us.staging.binary.ink\/fr-ca\/\",\"name\":\"Pneus Commerciaux et de Flotte pour Camions | Pneus Commerciaux Rovelo Canada\",\"isPartOf\":{\"@id\":\"https:\/\/rovelotruck.com\/fr-ca\/#website\"},\"datePublished\":\"2025-04-09T14:01:45+00:00\",\"dateModified\":\"2026-01-09T20:17:20+00:00\",\"description\":\"Rovelo est un chef de file en mati\u00e8re de valeur, offrant une large gamme de dimensions populaires et d\u2019applications pour les pneus de camions commerciaux et les flottes partout au Canada. D\u00e9couvrez la diff\u00e9rence Rovelo d\u00e8s aujourd\u2019hui.\",\"breadcrumb\":{\"@id\":\"https:\/\/rovelotruck-us.staging.binary.ink\/fr-ca\/#breadcrumb\"},\"inLanguage\":\"fr-CA\",\"potentialAction\":[{\"@type\":\"ReadAction\",\"target\":[\"https:\/\/rovelotruck-us.staging.binary.ink\/fr-ca\/\"]}]},{\"@type\":\"BreadcrumbList\",\"@id\":\"https:\/\/rovelotruck-us.staging.binary.ink\/fr-ca\/#breadcrumb\",\"itemListElement\":[{\"@type\":\"ListItem\",\"position\":1,\"name\":\"Home\",\"item\":\"https:\/\/rovelotruck.com\/fr-ca\/\"},{\"@type\":\"ListItem\",\"position\":2,\"name\":\"Accueil\"}]},{\"@type\":\"WebSite\",\"@id\":\"https:\/\/rovelotruck.com\/fr-ca\/#website\",\"url\":\"https:\/\/rovelotruck.com\/fr-ca\/\",\"name\":\"Rovelo Tires Canada\",\"description\":\"\",\"publisher\":{\"@id\":\"https:\/\/rovelotruck.com\/fr-ca\/#organization\"},\"potentialAction\":[{\"@type\":\"SearchAction\",\"target\":{\"@type\":\"EntryPoint\",\"urlTemplate\":\"https:\/\/rovelotruck.com\/fr-ca\/?s={search_term_string}\"},\"query-input\":{\"@type\":\"PropertyValueSpecification\",\"valueRequired\":true,\"valueName\":\"search_term_string\"}}],\"inLanguage\":\"fr-CA\"},{\"@type\":\"Organization\",\"@id\":\"https:\/\/rovelotruck.com\/fr-ca\/#organization\",\"name\":\"Rovelo Tires Canada\",\"url\":\"https:\/\/rovelotruck.com\/fr-ca\/\",\"logo\":{\"@type\":\"ImageObject\",\"inLanguage\":\"fr-CA\",\"@id\":\"https:\/\/rovelotruck.com\/fr-ca\/#\/schema\/logo\/image\/\",\"url\":\"https:\/\/rovelotruck-us.staging.binary.ink\/wp-content\/uploads\/2025\/04\/rovelo-logo.svg\",\"contentUrl\":\"https:\/\/rovelotruck-us.staging.binary.ink\/wp-content\/uploads\/2025\/04\/rovelo-logo.svg\",\"caption\":\"Rovelo Tires Canada\"},\"image\":{\"@id\":\"https:\/\/rovelotruck.com\/fr-ca\/#\/schema\/logo\/image\/\"}}]}<\/script>\n<!-- \/ Yoast SEO plugin. -->","yoast_head_json":{"title":"Pneus Commerciaux et de Flotte pour Camions | Pneus Commerciaux Rovelo Canada","description":"Rovelo est un chef de file en mati\u00e8re de valeur, offrant une large gamme de dimensions populaires et d\u2019applications pour les pneus de camions commerciaux et les flottes partout au Canada. D\u00e9couvrez la diff\u00e9rence Rovelo d\u00e8s aujourd\u2019hui.","robots":{"index":"index","follow":"follow","max-snippet":"max-snippet:-1","max-image-preview":"max-image-preview:large","max-video-preview":"max-video-preview:-1"},"canonical":"https:\/\/rovelotruck-us.staging.binary.ink\/fr-ca\/","og_locale":"fr_CA","og_type":"article","og_title":"Pneus Commerciaux et de Flotte pour Camions | Pneus Commerciaux Rovelo Canada","og_description":"Rovelo est un chef de file en mati\u00e8re de valeur, offrant une large gamme de dimensions populaires et d\u2019applications pour les pneus de camions commerciaux et les flottes partout au Canada. D\u00e9couvrez la diff\u00e9rence Rovelo d\u00e8s aujourd\u2019hui.","og_url":"https:\/\/rovelotruck-us.staging.binary.ink\/fr-ca\/","og_site_name":"Rovelo Tire Canada","article_modified_time":"2026-01-09T20:17:20+00:00","og_image":[{"width":1200,"height":675,"url":"https:\/\/rovelotruck-us.staging.binary.ink\/wp-content\/uploads\/2025\/08\/SEO-Image-Commercial.jpg","type":"image\/jpeg"}],"twitter_card":"summary_large_image","schema":{"@context":"https:\/\/schema.org","@graph":[{"@type":"WebPage","@id":"https:\/\/rovelotruck-us.staging.binary.ink\/fr-ca\/","url":"https:\/\/rovelotruck-us.staging.binary.ink\/fr-ca\/","name":"Pneus Commerciaux et de Flotte pour Camions | Pneus Commerciaux Rovelo Canada","isPartOf":{"@id":"https:\/\/rovelotruck.com\/fr-ca\/#website"},"datePublished":"2025-04-09T14:01:45+00:00","dateModified":"2026-01-09T20:17:20+00:00","description":"Rovelo est un chef de file en mati\u00e8re de valeur, offrant une large gamme de dimensions populaires et d\u2019applications pour les pneus de camions commerciaux et les flottes partout au Canada. D\u00e9couvrez la diff\u00e9rence Rovelo d\u00e8s aujourd\u2019hui.","breadcrumb":{"@id":"https:\/\/rovelotruck-us.staging.binary.ink\/fr-ca\/#breadcrumb"},"inLanguage":"fr-CA","potentialAction":[{"@type":"ReadAction","target":["https:\/\/rovelotruck-us.staging.binary.ink\/fr-ca\/"]}]},{"@type":"BreadcrumbList","@id":"https:\/\/rovelotruck-us.staging.binary.ink\/fr-ca\/#breadcrumb","itemListElement":[{"@type":"ListItem","position":1,"name":"Home","item":"https:\/\/rovelotruck.com\/fr-ca\/"},{"@type":"ListItem","position":2,"name":"Accueil"}]},{"@type":"WebSite","@id":"https:\/\/rovelotruck.com\/fr-ca\/#website","url":"https:\/\/rovelotruck.com\/fr-ca\/","name":"Rovelo Tires Canada","description":"","publisher":{"@id":"https:\/\/rovelotruck.com\/fr-ca\/#organization"},"potentialAction":[{"@type":"SearchAction","target":{"@type":"EntryPoint","urlTemplate":"https:\/\/rovelotruck.com\/fr-ca\/?s={search_term_string}"},"query-input":{"@type":"PropertyValueSpecification","valueRequired":true,"valueName":"search_term_string"}}],"inLanguage":"fr-CA"},{"@type":"Organization","@id":"https:\/\/rovelotruck.com\/fr-ca\/#organization","name":"Rovelo Tires Canada","url":"https:\/\/rovelotruck.com\/fr-ca\/","logo":{"@type":"ImageObject","inLanguage":"fr-CA","@id":"https:\/\/rovelotruck.com\/fr-ca\/#\/schema\/logo\/image\/","url":"https:\/\/rovelotruck-us.staging.binary.ink\/wp-content\/uploads\/2025\/04\/rovelo-logo.svg","contentUrl":"https:\/\/rovelotruck-us.staging.binary.ink\/wp-content\/uploads\/2025\/04\/rovelo-logo.svg","caption":"Rovelo Tires Canada"},"image":{"@id":"https:\/\/rovelotruck.com\/fr-ca\/#\/schema\/logo\/image\/"}}]}},"_links":{"self":[{"href":"https:\/\/rovelotruck-us.staging.binary.ink\/fr-ca\/wp-json\/wp\/v2\/pages\/2179","targetHints":{"allow":["GET"]}}],"collection":[{"href":"https:\/\/rovelotruck-us.staging.binary.ink\/fr-ca\/wp-json\/wp\/v2\/pages"}],"about":[{"href":"https:\/\/rovelotruck-us.staging.binary.ink\/fr-ca\/wp-json\/wp\/v2\/types\/page"}],"author":[{"embeddable":true,"href":"https:\/\/rovelotruck-us.staging.binary.ink\/fr-ca\/wp-json\/wp\/v2\/users\/1"}],"replies":[{"embeddable":true,"href":"https:\/\/rovelotruck-us.staging.binary.ink\/fr-ca\/wp-json\/wp\/v2\/comments?post=2179"}],"version-history":[{"count":16,"href":"https:\/\/rovelotruck-us.staging.binary.ink\/fr-ca\/wp-json\/wp\/v2\/pages\/2179\/revisions"}],"predecessor-version":[{"id":4644,"href":"https:\/\/rovelotruck-us.staging.binary.ink\/fr-ca\/wp-json\/wp\/v2\/pages\/2179\/revisions\/4644"}],"wp:attachment":[{"href":"https:\/\/rovelotruck-us.staging.binary.ink\/fr-ca\/wp-json\/wp\/v2\/media?parent=2179"}],"curies":[{"name":"wp","href":"https:\/\/api.w.org\/{rel}","templated":true}]}}