{"id":2221,"date":"2025-04-09T14:13:55","date_gmt":"2025-04-09T14:13:55","guid":{"rendered":"https:\/\/rovelotruck.ca\/about\/"},"modified":"2025-09-14T21:23:37","modified_gmt":"2025-09-14T21:23:37","slug":"about","status":"publish","type":"page","link":"https:\/\/rovelotruck-us.staging.binary.ink\/fr-ca\/about\/","title":{"rendered":"\u00c0 propos"},"content":{"rendered":"\n<div class=\"wp-block-cover\" style=\"min-height:350px;aspect-ratio:unset;\"><img loading=\"lazy\" decoding=\"async\" width=\"1024\" height=\"462\" class=\"wp-block-cover__image-background wp-image-2813 size-large\" alt=\"\" src=\"https:\/\/rovelotruck.ca\/wp-content\/uploads\/2025\/08\/About-Section1-HeroImg-1-1024x462.webp\" data-object-fit=\"cover\"\/><span aria-hidden=\"true\" class=\"wp-block-cover__background has-dark-background-color has-background-dim-60 has-background-dim\"><\/span><div class=\"wp-block-cover__inner-container\">\n<h1 class=\"wp-block-heading has-text-align-center text-shadow has-primary-color has-text-color has-link-color has-size-4-font-size wp-elements-c8450f0ad649627fb745512af65e758f\">Pneus Rovelo<\/h1>\n\n\n\n<p class=\"has-text-align-center\">Motiv\u00e9s par l\u2019innovation. Inspir\u00e9s par la performance.<\/p>\n<\/div><\/div>\n\n<div class=\"wp-block-group container-xl mt-5 mb-5 ps-lg-5 pe-lg-5\">\n<div class=\"wp-block-group\" data-aos=\"fade-up\" data-aos-duration=\"800\">\n<h2 class=\"wp-block-heading has-primary-color has-text-color has-link-color wp-elements-24db5a05aa43f91c00704c4e8f6dc708\"><strong>Sur la route du savoir<\/strong><\/h2>\n\n\n\n<div class=\"wp-block-columns gap-3\">\n<div class=\"wp-block-column\">\n<p>Rovelo est un chef de file en mati\u00e8re de valeur offrant une vaste gamme de pneus de tailles courantes et convenant aux applications populaires pour camions commerciaux.<\/p>\n\n\n\n<p>Sp\u00e9cialis\u00e9e dans la fabrication de pneus de qualit\u00e9 sup\u00e9rieure offrant une grande valeur ajout\u00e9e \u00e0 tous les conducteurs au quotidien et des applications robustes aux camionneurs, Rovelo propose des produits performants et abordables sur lesquels vous pouvez compter.<\/p>\n<\/div>\n\n\n\n<div class=\"wp-block-column\">\n<p>Les ing\u00e9nieurs de Rovelo s\u2019efforcent de fabriquer des pneus de qualit\u00e9 sup\u00e9rieure pour un vaste \u00e9ventail de v\u00e9hicules gr\u00e2ce \u00e0 une approche m\u00e9thodique en mati\u00e8re de recherche, de d\u00e9veloppement et d\u2019essai visant \u00e0 optimiser l\u2019efficacit\u00e9 du processus de fabrication de pointe de Rovelo. Rovelo propose une gamme de produits sp\u00e9cialis\u00e9s et haut de gamme con\u00e7us pour atteindre et d\u00e9passer les attentes, et ce, \u00e0 un prix \u00e9tonnamment abordable. <\/p>\n<\/div>\n<\/div>\n<\/div>\n\n\n\n<div class=\"wp-block-columns pt-5 mt-lg-5\">\n<div class=\"wp-block-column\">\n<div class=\"wp-block-group col-lg-8 m-auto\" data-aos=\"fade-up\" data-aos-duration=\"800\">\n<figure class=\"wp-block-image aligncenter size-full\"><img decoding=\"async\" src=\"https:\/\/rovelotruck.ca\/wp-content\/uploads\/2025\/06\/icon-rd.svg\" alt=\"R. et D. novatrice\" class=\"wp-image-311\"\/><\/figure>\n\n\n<h3 class=\"wp-block-heading has-text-align-center col-lg-7 m-auto mb-2 has-primary-color has-text-color has-link-color wp-elements-4e00bb936b6f9c5bbe19b29e2c6d7550\">R. et D. novatrice<\/h3>\n\n\n\n<p class=\"has-text-align-center\">Une ing\u00e9nierie de pointe et le lancement de produits recherch\u00e9s qui offrent des solutions concr\u00e8tes.<\/p>\n<\/div>\n<\/div>\n\n\n\n<div class=\"wp-block-column\">\n<div class=\"wp-block-group col-lg-8 m-auto\" data-aos=\"fade-up\" data-aos-duration=\"800\" data-aos-delay=\"50\">\n<figure class=\"wp-block-image aligncenter size-full\"><img decoding=\"async\" src=\"https:\/\/rovelotruck.ca\/wp-content\/uploads\/2025\/06\/icon-warranty.svg\" alt=\"Qualit&#xE9; et garantie &#xE9;prouv&#xE9;es\" class=\"wp-image-313\"\/><\/figure>\n\n\n<h3 class=\"wp-block-heading has-text-align-center has-primary-color has-text-color has-link-color wp-elements-c5ae8fca8e013e5dfed894333d9a8c1c\">Qualit\u00e9 et garantie \u00e9prouv\u00e9es<\/h3>\n\n\n\n<p class=\"has-text-align-center\">Des performances fiables soutenues par une garantie de premier plan dans le secteur.<\/p>\n<\/div>\n<\/div>\n\n\n\n<div class=\"wp-block-column\">\n<div class=\"wp-block-group col-lg-8 m-auto\" data-aos=\"fade-up\" data-aos-duration=\"800\" data-aos-delay=\"100\">\n<figure class=\"wp-block-image aligncenter size-full\"><img decoding=\"async\" src=\"https:\/\/rovelotruck.ca\/wp-content\/uploads\/2025\/06\/icon-support.svg\" alt=\"Assistance d&#xE9;di&#xE9;e en Am&#xE9;rique du Nord\" class=\"wp-image-315\"\/><\/figure>\n\n\n<h3 class=\"wp-block-heading has-text-align-center has-primary-color has-text-color has-link-color wp-elements-20c452b2c8a732a343831994afcd9f8c\">Assistance d\u00e9di\u00e9e en Am\u00e9rique du Nord<\/h3>\n\n\n\n<p class=\"has-text-align-center\">L\u2019aide sp\u00e9cialis\u00e9e d\u2019une \u00e9quipe qui conna\u00eet vos routes et vos besoins.<\/p>\n<\/div>\n<\/div>\n<\/div>\n<\/div>\n<div id=\"med-block-block_1a83cd17d8494100a5dd925be6f74289\"  class=\"container-fluid \">\n    <div class=\"row tire-detailsrow bg-dark text-light\">\n                <div class=\"col-12 col-lg-6 p-0 order-1\">\n            <div class=\"wp-block-cover clip-bottom clip-lg-right\" style=\"aspect-ratio:unset;min-height:200px;\">\n                <img loading=\"lazy\" decoding=\"async\" class=\"wp-block-cover__image-background img-grow-on-load js-animate\" alt=\"\"  src=\"https:\/\/rovelotruck-us.staging.binary.ink\/wp-content\/uploads\/2025\/08\/About-Section4-AwardsRecognitionImg.webp\" data-object-fit=\"cover\">\n            <\/div>\n        <\/div>\n                <div class=\"col-12 col-lg-6 bg-dots-left order-2\">\n            <div class=\"p-5\">\n            <h2 class=\"has-primary-color\">Prix et distinctions<\/h2>\n            <div class=\"aos-animate mb-4 col-lg-7 d-flex align-items-center\" data-aos=\"fade-left\" data-aos-delay=\"50\"><img decoding=\"async\" class=\"size-full wp-image-625 me-4\" src=\"https:\/\/rovelotruck.ca\/wp-content\/uploads\/2025\/06\/icon-ranked.svg\" alt=\"Fabricant de pneus class\u00e9 officiellement 10e \u00e0 l\u2019\u00e9chelle mondiale.\"> Fabricant de pneus class\u00e9 officiellement 10e \u00e0 l\u2019\u00e9chelle mondiale.<\/div>\n<div class=\"aos-animate mb-4 col-lg-7 d-flex align-items-center\" data-aos=\"fade-left\" data-aos-delay=\"150\"><img decoding=\"async\" class=\"alignnone size-full wp-image-629 me-4\" src=\"https:\/\/rovelotruck.ca\/wp-content\/uploads\/2025\/06\/icon-trusted.svg\" alt=\"Produits de confiance vendus dans plus de 180 pays.\">Produits de confiance vendus dans plus de 180 pays.<\/div>\n<div class=\"aos-animate mb-4 col-lg-7 d-flex align-items-center\" data-aos=\"fade-left\" data-aos-delay=\"250\"><img loading=\"lazy\" decoding=\"async\" class=\"alignnone size-full wp-image-621 me-4\" src=\"https:\/\/rovelotruck.ca\/wp-content\/uploads\/2025\/06\/icon-ecovadis.png\" alt=\"R\u00e9cipiendaire de la m\u00e9daille d\u2019argent EcoVadis pour le d\u00e9veloppement durable.\" width=\"80\" height=\"81\">R\u00e9cipiendaire de la m\u00e9daille d\u2019argent EcoVadis pour le d\u00e9veloppement durable.<\/div>\n            <\/div>  \n        <\/div>\n            <\/div>\n<\/div>","protected":false},"excerpt":{"rendered":"<p>Sur la route du savoir Rovelo est un chef de file en mati\u00e8re de valeur offrant une vaste gamme de pneus de tailles courantes et convenant aux applications populaires pour camions commerciaux. Sp\u00e9cialis\u00e9e dans la fabrication de pneus de qualit\u00e9 sup\u00e9rieure offrant une grande valeur ajout\u00e9e \u00e0 tous les conducteurs au quotidien et des applications [&hellip;]<\/p>\n","protected":false},"author":1,"featured_media":0,"parent":0,"menu_order":0,"comment_status":"closed","ping_status":"closed","template":"","meta":{"_acf_changed":false,"footnotes":""},"class_list":["post-2221","page","type-page","status-publish","hentry"],"acf":[],"yoast_head":"<!-- This site is optimized with the Yoast SEO plugin v27.2 - https:\/\/yoast.com\/product\/yoast-seo-wordpress\/ -->\n<title>\u00c0 propos de Rovelo | Pneus Commerciaux Rovelo Canada<\/title>\n<meta name=\"description\" content=\"Rovelo offre des pneus commerciaux de haute qualit\u00e9, con\u00e7us pour affronter les routes et les conditions m\u00e9t\u00e9orologiques canadiennes. Rovelo offre des performances abordables sur lesquelles vous pouvez compter. En savoir plus.\" \/>\n<meta name=\"robots\" content=\"index, follow, max-snippet:-1, max-image-preview:large, max-video-preview:-1\" \/>\n<link rel=\"canonical\" href=\"https:\/\/rovelotruck-us.staging.binary.ink\/fr-ca\/about\/\" \/>\n<meta property=\"og:locale\" content=\"fr_CA\" \/>\n<meta property=\"og:type\" content=\"article\" \/>\n<meta property=\"og:title\" content=\"\u00c0 propos de Rovelo | Pneus Commerciaux Rovelo Canada\" \/>\n<meta property=\"og:description\" content=\"Rovelo offre des pneus commerciaux de haute qualit\u00e9, con\u00e7us pour affronter les routes et les conditions m\u00e9t\u00e9orologiques canadiennes. Rovelo offre des performances abordables sur lesquelles vous pouvez compter. En savoir plus.\" \/>\n<meta property=\"og:url\" content=\"https:\/\/rovelotruck-us.staging.binary.ink\/fr-ca\/about\/\" \/>\n<meta property=\"og:site_name\" content=\"Rovelo Tire Canada\" \/>\n<meta property=\"article:modified_time\" content=\"2025-09-14T21:23:37+00:00\" \/>\n<meta property=\"og:image\" content=\"https:\/\/rovelotruck.ca\/wp-content\/uploads\/2025\/08\/About-Section1-HeroImg-1-1024x462.webp\" \/>\n<meta name=\"twitter:card\" content=\"summary_large_image\" \/>\n<meta name=\"twitter:label1\" content=\"Estimation du temps de lecture\" \/>\n\t<meta name=\"twitter:data1\" content=\"2 minutes\" \/>\n<script type=\"application\/ld+json\" class=\"yoast-schema-graph\">{\"@context\":\"https:\/\/schema.org\",\"@graph\":[{\"@type\":\"WebPage\",\"@id\":\"https:\/\/rovelotruck-us.staging.binary.ink\/fr-ca\/about\/\",\"url\":\"https:\/\/rovelotruck-us.staging.binary.ink\/fr-ca\/about\/\",\"name\":\"\u00c0 propos de Rovelo | Pneus Commerciaux Rovelo Canada\",\"isPartOf\":{\"@id\":\"https:\/\/rovelotruck.com\/fr-ca\/#website\"},\"primaryImageOfPage\":{\"@id\":\"https:\/\/rovelotruck-us.staging.binary.ink\/fr-ca\/about\/#primaryimage\"},\"image\":{\"@id\":\"https:\/\/rovelotruck-us.staging.binary.ink\/fr-ca\/about\/#primaryimage\"},\"thumbnailUrl\":\"https:\/\/rovelotruck.ca\/wp-content\/uploads\/2025\/08\/About-Section1-HeroImg-1-1024x462.webp\",\"datePublished\":\"2025-04-09T14:13:55+00:00\",\"dateModified\":\"2025-09-14T21:23:37+00:00\",\"description\":\"Rovelo offre des pneus commerciaux de haute qualit\u00e9, con\u00e7us pour affronter les routes et les conditions m\u00e9t\u00e9orologiques canadiennes. Rovelo offre des performances abordables sur lesquelles vous pouvez compter. En savoir plus.\",\"breadcrumb\":{\"@id\":\"https:\/\/rovelotruck-us.staging.binary.ink\/fr-ca\/about\/#breadcrumb\"},\"inLanguage\":\"fr-CA\",\"potentialAction\":[{\"@type\":\"ReadAction\",\"target\":[\"https:\/\/rovelotruck-us.staging.binary.ink\/fr-ca\/about\/\"]}]},{\"@type\":\"ImageObject\",\"inLanguage\":\"fr-CA\",\"@id\":\"https:\/\/rovelotruck-us.staging.binary.ink\/fr-ca\/about\/#primaryimage\",\"url\":\"https:\/\/rovelotruck.ca\/wp-content\/uploads\/2025\/08\/About-Section1-HeroImg-1-1024x462.webp\",\"contentUrl\":\"https:\/\/rovelotruck.ca\/wp-content\/uploads\/2025\/08\/About-Section1-HeroImg-1-1024x462.webp\"},{\"@type\":\"BreadcrumbList\",\"@id\":\"https:\/\/rovelotruck-us.staging.binary.ink\/fr-ca\/about\/#breadcrumb\",\"itemListElement\":[{\"@type\":\"ListItem\",\"position\":1,\"name\":\"Home\",\"item\":\"https:\/\/rovelotruck.com\/fr-ca\/\"},{\"@type\":\"ListItem\",\"position\":2,\"name\":\"\u00c0 propos\"}]},{\"@type\":\"WebSite\",\"@id\":\"https:\/\/rovelotruck.com\/fr-ca\/#website\",\"url\":\"https:\/\/rovelotruck.com\/fr-ca\/\",\"name\":\"Rovelo Tires Canada\",\"description\":\"\",\"publisher\":{\"@id\":\"https:\/\/rovelotruck.com\/fr-ca\/#organization\"},\"potentialAction\":[{\"@type\":\"SearchAction\",\"target\":{\"@type\":\"EntryPoint\",\"urlTemplate\":\"https:\/\/rovelotruck.com\/fr-ca\/?s={search_term_string}\"},\"query-input\":{\"@type\":\"PropertyValueSpecification\",\"valueRequired\":true,\"valueName\":\"search_term_string\"}}],\"inLanguage\":\"fr-CA\"},{\"@type\":\"Organization\",\"@id\":\"https:\/\/rovelotruck.com\/fr-ca\/#organization\",\"name\":\"Rovelo Tires Canada\",\"url\":\"https:\/\/rovelotruck.com\/fr-ca\/\",\"logo\":{\"@type\":\"ImageObject\",\"inLanguage\":\"fr-CA\",\"@id\":\"https:\/\/rovelotruck.com\/fr-ca\/#\/schema\/logo\/image\/\",\"url\":\"https:\/\/rovelotruck-us.staging.binary.ink\/wp-content\/uploads\/2025\/04\/rovelo-logo.svg\",\"contentUrl\":\"https:\/\/rovelotruck-us.staging.binary.ink\/wp-content\/uploads\/2025\/04\/rovelo-logo.svg\",\"caption\":\"Rovelo Tires Canada\"},\"image\":{\"@id\":\"https:\/\/rovelotruck.com\/fr-ca\/#\/schema\/logo\/image\/\"}}]}<\/script>\n<!-- \/ Yoast SEO plugin. -->","yoast_head_json":{"title":"\u00c0 propos de Rovelo | Pneus Commerciaux Rovelo Canada","description":"Rovelo offre des pneus commerciaux de haute qualit\u00e9, con\u00e7us pour affronter les routes et les conditions m\u00e9t\u00e9orologiques canadiennes. Rovelo offre des performances abordables sur lesquelles vous pouvez compter. En savoir plus.","robots":{"index":"index","follow":"follow","max-snippet":"max-snippet:-1","max-image-preview":"max-image-preview:large","max-video-preview":"max-video-preview:-1"},"canonical":"https:\/\/rovelotruck-us.staging.binary.ink\/fr-ca\/about\/","og_locale":"fr_CA","og_type":"article","og_title":"\u00c0 propos de Rovelo | Pneus Commerciaux Rovelo Canada","og_description":"Rovelo offre des pneus commerciaux de haute qualit\u00e9, con\u00e7us pour affronter les routes et les conditions m\u00e9t\u00e9orologiques canadiennes. Rovelo offre des performances abordables sur lesquelles vous pouvez compter. En savoir plus.","og_url":"https:\/\/rovelotruck-us.staging.binary.ink\/fr-ca\/about\/","og_site_name":"Rovelo Tire Canada","article_modified_time":"2025-09-14T21:23:37+00:00","og_image":[{"url":"https:\/\/rovelotruck.ca\/wp-content\/uploads\/2025\/08\/About-Section1-HeroImg-1-1024x462.webp","type":"","width":"","height":""}],"twitter_card":"summary_large_image","twitter_misc":{"Estimation du temps de lecture":"2 minutes"},"schema":{"@context":"https:\/\/schema.org","@graph":[{"@type":"WebPage","@id":"https:\/\/rovelotruck-us.staging.binary.ink\/fr-ca\/about\/","url":"https:\/\/rovelotruck-us.staging.binary.ink\/fr-ca\/about\/","name":"\u00c0 propos de Rovelo | Pneus Commerciaux Rovelo Canada","isPartOf":{"@id":"https:\/\/rovelotruck.com\/fr-ca\/#website"},"primaryImageOfPage":{"@id":"https:\/\/rovelotruck-us.staging.binary.ink\/fr-ca\/about\/#primaryimage"},"image":{"@id":"https:\/\/rovelotruck-us.staging.binary.ink\/fr-ca\/about\/#primaryimage"},"thumbnailUrl":"https:\/\/rovelotruck.ca\/wp-content\/uploads\/2025\/08\/About-Section1-HeroImg-1-1024x462.webp","datePublished":"2025-04-09T14:13:55+00:00","dateModified":"2025-09-14T21:23:37+00:00","description":"Rovelo offre des pneus commerciaux de haute qualit\u00e9, con\u00e7us pour affronter les routes et les conditions m\u00e9t\u00e9orologiques canadiennes. Rovelo offre des performances abordables sur lesquelles vous pouvez compter. En savoir plus.","breadcrumb":{"@id":"https:\/\/rovelotruck-us.staging.binary.ink\/fr-ca\/about\/#breadcrumb"},"inLanguage":"fr-CA","potentialAction":[{"@type":"ReadAction","target":["https:\/\/rovelotruck-us.staging.binary.ink\/fr-ca\/about\/"]}]},{"@type":"ImageObject","inLanguage":"fr-CA","@id":"https:\/\/rovelotruck-us.staging.binary.ink\/fr-ca\/about\/#primaryimage","url":"https:\/\/rovelotruck.ca\/wp-content\/uploads\/2025\/08\/About-Section1-HeroImg-1-1024x462.webp","contentUrl":"https:\/\/rovelotruck.ca\/wp-content\/uploads\/2025\/08\/About-Section1-HeroImg-1-1024x462.webp"},{"@type":"BreadcrumbList","@id":"https:\/\/rovelotruck-us.staging.binary.ink\/fr-ca\/about\/#breadcrumb","itemListElement":[{"@type":"ListItem","position":1,"name":"Home","item":"https:\/\/rovelotruck.com\/fr-ca\/"},{"@type":"ListItem","position":2,"name":"\u00c0 propos"}]},{"@type":"WebSite","@id":"https:\/\/rovelotruck.com\/fr-ca\/#website","url":"https:\/\/rovelotruck.com\/fr-ca\/","name":"Rovelo Tires Canada","description":"","publisher":{"@id":"https:\/\/rovelotruck.com\/fr-ca\/#organization"},"potentialAction":[{"@type":"SearchAction","target":{"@type":"EntryPoint","urlTemplate":"https:\/\/rovelotruck.com\/fr-ca\/?s={search_term_string}"},"query-input":{"@type":"PropertyValueSpecification","valueRequired":true,"valueName":"search_term_string"}}],"inLanguage":"fr-CA"},{"@type":"Organization","@id":"https:\/\/rovelotruck.com\/fr-ca\/#organization","name":"Rovelo Tires Canada","url":"https:\/\/rovelotruck.com\/fr-ca\/","logo":{"@type":"ImageObject","inLanguage":"fr-CA","@id":"https:\/\/rovelotruck.com\/fr-ca\/#\/schema\/logo\/image\/","url":"https:\/\/rovelotruck-us.staging.binary.ink\/wp-content\/uploads\/2025\/04\/rovelo-logo.svg","contentUrl":"https:\/\/rovelotruck-us.staging.binary.ink\/wp-content\/uploads\/2025\/04\/rovelo-logo.svg","caption":"Rovelo Tires Canada"},"image":{"@id":"https:\/\/rovelotruck.com\/fr-ca\/#\/schema\/logo\/image\/"}}]}},"_links":{"self":[{"href":"https:\/\/rovelotruck-us.staging.binary.ink\/fr-ca\/wp-json\/wp\/v2\/pages\/2221","targetHints":{"allow":["GET"]}}],"collection":[{"href":"https:\/\/rovelotruck-us.staging.binary.ink\/fr-ca\/wp-json\/wp\/v2\/pages"}],"about":[{"href":"https:\/\/rovelotruck-us.staging.binary.ink\/fr-ca\/wp-json\/wp\/v2\/types\/page"}],"author":[{"embeddable":true,"href":"https:\/\/rovelotruck-us.staging.binary.ink\/fr-ca\/wp-json\/wp\/v2\/users\/1"}],"replies":[{"embeddable":true,"href":"https:\/\/rovelotruck-us.staging.binary.ink\/fr-ca\/wp-json\/wp\/v2\/comments?post=2221"}],"version-history":[{"count":4,"href":"https:\/\/rovelotruck-us.staging.binary.ink\/fr-ca\/wp-json\/wp\/v2\/pages\/2221\/revisions"}],"predecessor-version":[{"id":3776,"href":"https:\/\/rovelotruck-us.staging.binary.ink\/fr-ca\/wp-json\/wp\/v2\/pages\/2221\/revisions\/3776"}],"wp:attachment":[{"href":"https:\/\/rovelotruck-us.staging.binary.ink\/fr-ca\/wp-json\/wp\/v2\/media?parent=2221"}],"curies":[{"name":"wp","href":"https:\/\/api.w.org\/{rel}","templated":true}]}}