{"id":3782,"date":"2025-08-07T13:28:07","date_gmt":"2025-08-07T13:28:07","guid":{"rendered":"https:\/\/rovelotruck.ca\/tous-les-pneus__trashed\/ramassage-et-livraison\/"},"modified":"2025-09-14T21:18:54","modified_gmt":"2025-09-14T21:18:54","slug":"ramassage-et-livraison","status":"publish","type":"page","link":"https:\/\/rovelotruck-us.staging.binary.ink\/fr-ca\/tous-les-pneus\/ramassage-et-livraison\/","title":{"rendered":"RAMASSAGE ET LIVRAISON"},"content":{"rendered":"","protected":false},"excerpt":{"rendered":"","protected":false},"author":1,"featured_media":0,"parent":546,"menu_order":0,"comment_status":"closed","ping_status":"closed","template":"page-tires.php","meta":{"_acf_changed":false,"footnotes":""},"class_list":["post-3782","page","type-page","status-publish","hentry"],"acf":[],"yoast_head":"<!-- This site is optimized with the Yoast SEO plugin v27.2 - https:\/\/yoast.com\/product\/yoast-seo-wordpress\/ -->\n<title>Pneus pour Camions et Remorques de Livraison | Pneus Commerciaux Rovelo Canada<\/title>\n<meta name=\"description\" content=\"D\u00e9couvrez la gamme de pneus pour livraison et collecte Rovelo, con\u00e7us pour r\u00e9pondre aux exigences sp\u00e9cifiques de la livraison de marchandises. Robustes et fiables, ils affrontent toutes les conditions m\u00e9t\u00e9orologiques canadiennes. En savoir plus sur nos pneus commerciaux.\" \/>\n<meta name=\"robots\" content=\"index, follow, max-snippet:-1, max-image-preview:large, max-video-preview:-1\" \/>\n<link rel=\"canonical\" href=\"https:\/\/rovelotruck-us.staging.binary.ink\/fr-ca\/tous-les-pneus\/ramassage-et-livraison\/\" \/>\n<meta property=\"og:locale\" content=\"fr_CA\" \/>\n<meta property=\"og:type\" content=\"article\" \/>\n<meta property=\"og:title\" content=\"Pneus pour Camions et Remorques de Livraison | Pneus Commerciaux Rovelo Canada\" \/>\n<meta property=\"og:description\" content=\"D\u00e9couvrez la gamme de pneus pour livraison et collecte Rovelo, con\u00e7us pour r\u00e9pondre aux exigences sp\u00e9cifiques de la livraison de marchandises. Robustes et fiables, ils affrontent toutes les conditions m\u00e9t\u00e9orologiques canadiennes. En savoir plus sur nos pneus commerciaux.\" \/>\n<meta property=\"og:url\" content=\"https:\/\/rovelotruck-us.staging.binary.ink\/fr-ca\/tous-les-pneus\/ramassage-et-livraison\/\" \/>\n<meta property=\"og:site_name\" content=\"Rovelo Tire Canada\" \/>\n<meta property=\"article:modified_time\" content=\"2025-09-14T21:18:54+00:00\" \/>\n<meta property=\"og:image\" content=\"https:\/\/rovelotruck-us.staging.binary.ink\/wp-content\/uploads\/2025\/08\/SEO-Image-Commercial.jpg\" \/>\n\t<meta property=\"og:image:width\" content=\"1200\" \/>\n\t<meta property=\"og:image:height\" content=\"675\" \/>\n\t<meta property=\"og:image:type\" content=\"image\/jpeg\" \/>\n<meta name=\"twitter:card\" content=\"summary_large_image\" \/>\n<script type=\"application\/ld+json\" class=\"yoast-schema-graph\">{\"@context\":\"https:\/\/schema.org\",\"@graph\":[{\"@type\":\"WebPage\",\"@id\":\"https:\/\/rovelotruck-us.staging.binary.ink\/fr-ca\/tous-les-pneus\/ramassage-et-livraison\/\",\"url\":\"https:\/\/rovelotruck-us.staging.binary.ink\/fr-ca\/tous-les-pneus\/ramassage-et-livraison\/\",\"name\":\"Pneus pour Camions et Remorques de Livraison | Pneus Commerciaux Rovelo Canada\",\"isPartOf\":{\"@id\":\"https:\/\/rovelotruck.com\/fr-ca\/#website\"},\"datePublished\":\"2025-08-07T13:28:07+00:00\",\"dateModified\":\"2025-09-14T21:18:54+00:00\",\"description\":\"D\u00e9couvrez la gamme de pneus pour livraison et collecte Rovelo, con\u00e7us pour r\u00e9pondre aux exigences sp\u00e9cifiques de la livraison de marchandises. Robustes et fiables, ils affrontent toutes les conditions m\u00e9t\u00e9orologiques canadiennes. En savoir plus sur nos pneus commerciaux.\",\"breadcrumb\":{\"@id\":\"https:\/\/rovelotruck-us.staging.binary.ink\/fr-ca\/tous-les-pneus\/ramassage-et-livraison\/#breadcrumb\"},\"inLanguage\":\"fr-CA\",\"potentialAction\":[{\"@type\":\"ReadAction\",\"target\":[\"https:\/\/rovelotruck-us.staging.binary.ink\/fr-ca\/tous-les-pneus\/ramassage-et-livraison\/\"]}]},{\"@type\":\"BreadcrumbList\",\"@id\":\"https:\/\/rovelotruck-us.staging.binary.ink\/fr-ca\/tous-les-pneus\/ramassage-et-livraison\/#breadcrumb\",\"itemListElement\":[{\"@type\":\"ListItem\",\"position\":1,\"name\":\"Home\",\"item\":\"https:\/\/rovelotruck.com\/fr-ca\/\"},{\"@type\":\"ListItem\",\"position\":2,\"name\":\"Tous les pneus\",\"item\":\"https:\/\/rovelotruck.com\/fr-ca\/tous-les-pneus\/\"},{\"@type\":\"ListItem\",\"position\":3,\"name\":\"RAMASSAGE ET LIVRAISON\"}]},{\"@type\":\"WebSite\",\"@id\":\"https:\/\/rovelotruck.com\/fr-ca\/#website\",\"url\":\"https:\/\/rovelotruck.com\/fr-ca\/\",\"name\":\"Rovelo Tires Canada\",\"description\":\"\",\"publisher\":{\"@id\":\"https:\/\/rovelotruck.com\/fr-ca\/#organization\"},\"potentialAction\":[{\"@type\":\"SearchAction\",\"target\":{\"@type\":\"EntryPoint\",\"urlTemplate\":\"https:\/\/rovelotruck.com\/fr-ca\/?s={search_term_string}\"},\"query-input\":{\"@type\":\"PropertyValueSpecification\",\"valueRequired\":true,\"valueName\":\"search_term_string\"}}],\"inLanguage\":\"fr-CA\"},{\"@type\":\"Organization\",\"@id\":\"https:\/\/rovelotruck.com\/fr-ca\/#organization\",\"name\":\"Rovelo Tires Canada\",\"url\":\"https:\/\/rovelotruck.com\/fr-ca\/\",\"logo\":{\"@type\":\"ImageObject\",\"inLanguage\":\"fr-CA\",\"@id\":\"https:\/\/rovelotruck.com\/fr-ca\/#\/schema\/logo\/image\/\",\"url\":\"https:\/\/rovelotruck-us.staging.binary.ink\/wp-content\/uploads\/2025\/04\/rovelo-logo.svg\",\"contentUrl\":\"https:\/\/rovelotruck-us.staging.binary.ink\/wp-content\/uploads\/2025\/04\/rovelo-logo.svg\",\"caption\":\"Rovelo Tires Canada\"},\"image\":{\"@id\":\"https:\/\/rovelotruck.com\/fr-ca\/#\/schema\/logo\/image\/\"}}]}<\/script>\n<!-- \/ Yoast SEO plugin. -->","yoast_head_json":{"title":"Pneus pour Camions et Remorques de Livraison | Pneus Commerciaux Rovelo Canada","description":"D\u00e9couvrez la gamme de pneus pour livraison et collecte Rovelo, con\u00e7us pour r\u00e9pondre aux exigences sp\u00e9cifiques de la livraison de marchandises. Robustes et fiables, ils affrontent toutes les conditions m\u00e9t\u00e9orologiques canadiennes. En savoir plus sur nos pneus commerciaux.","robots":{"index":"index","follow":"follow","max-snippet":"max-snippet:-1","max-image-preview":"max-image-preview:large","max-video-preview":"max-video-preview:-1"},"canonical":"https:\/\/rovelotruck-us.staging.binary.ink\/fr-ca\/tous-les-pneus\/ramassage-et-livraison\/","og_locale":"fr_CA","og_type":"article","og_title":"Pneus pour Camions et Remorques de Livraison | Pneus Commerciaux Rovelo Canada","og_description":"D\u00e9couvrez la gamme de pneus pour livraison et collecte Rovelo, con\u00e7us pour r\u00e9pondre aux exigences sp\u00e9cifiques de la livraison de marchandises. Robustes et fiables, ils affrontent toutes les conditions m\u00e9t\u00e9orologiques canadiennes. En savoir plus sur nos pneus commerciaux.","og_url":"https:\/\/rovelotruck-us.staging.binary.ink\/fr-ca\/tous-les-pneus\/ramassage-et-livraison\/","og_site_name":"Rovelo Tire Canada","article_modified_time":"2025-09-14T21:18:54+00:00","og_image":[{"width":1200,"height":675,"url":"https:\/\/rovelotruck-us.staging.binary.ink\/wp-content\/uploads\/2025\/08\/SEO-Image-Commercial.jpg","type":"image\/jpeg"}],"twitter_card":"summary_large_image","schema":{"@context":"https:\/\/schema.org","@graph":[{"@type":"WebPage","@id":"https:\/\/rovelotruck-us.staging.binary.ink\/fr-ca\/tous-les-pneus\/ramassage-et-livraison\/","url":"https:\/\/rovelotruck-us.staging.binary.ink\/fr-ca\/tous-les-pneus\/ramassage-et-livraison\/","name":"Pneus pour Camions et Remorques de Livraison | Pneus Commerciaux Rovelo Canada","isPartOf":{"@id":"https:\/\/rovelotruck.com\/fr-ca\/#website"},"datePublished":"2025-08-07T13:28:07+00:00","dateModified":"2025-09-14T21:18:54+00:00","description":"D\u00e9couvrez la gamme de pneus pour livraison et collecte Rovelo, con\u00e7us pour r\u00e9pondre aux exigences sp\u00e9cifiques de la livraison de marchandises. Robustes et fiables, ils affrontent toutes les conditions m\u00e9t\u00e9orologiques canadiennes. En savoir plus sur nos pneus commerciaux.","breadcrumb":{"@id":"https:\/\/rovelotruck-us.staging.binary.ink\/fr-ca\/tous-les-pneus\/ramassage-et-livraison\/#breadcrumb"},"inLanguage":"fr-CA","potentialAction":[{"@type":"ReadAction","target":["https:\/\/rovelotruck-us.staging.binary.ink\/fr-ca\/tous-les-pneus\/ramassage-et-livraison\/"]}]},{"@type":"BreadcrumbList","@id":"https:\/\/rovelotruck-us.staging.binary.ink\/fr-ca\/tous-les-pneus\/ramassage-et-livraison\/#breadcrumb","itemListElement":[{"@type":"ListItem","position":1,"name":"Home","item":"https:\/\/rovelotruck.com\/fr-ca\/"},{"@type":"ListItem","position":2,"name":"Tous les pneus","item":"https:\/\/rovelotruck.com\/fr-ca\/tous-les-pneus\/"},{"@type":"ListItem","position":3,"name":"RAMASSAGE ET LIVRAISON"}]},{"@type":"WebSite","@id":"https:\/\/rovelotruck.com\/fr-ca\/#website","url":"https:\/\/rovelotruck.com\/fr-ca\/","name":"Rovelo Tires Canada","description":"","publisher":{"@id":"https:\/\/rovelotruck.com\/fr-ca\/#organization"},"potentialAction":[{"@type":"SearchAction","target":{"@type":"EntryPoint","urlTemplate":"https:\/\/rovelotruck.com\/fr-ca\/?s={search_term_string}"},"query-input":{"@type":"PropertyValueSpecification","valueRequired":true,"valueName":"search_term_string"}}],"inLanguage":"fr-CA"},{"@type":"Organization","@id":"https:\/\/rovelotruck.com\/fr-ca\/#organization","name":"Rovelo Tires Canada","url":"https:\/\/rovelotruck.com\/fr-ca\/","logo":{"@type":"ImageObject","inLanguage":"fr-CA","@id":"https:\/\/rovelotruck.com\/fr-ca\/#\/schema\/logo\/image\/","url":"https:\/\/rovelotruck-us.staging.binary.ink\/wp-content\/uploads\/2025\/04\/rovelo-logo.svg","contentUrl":"https:\/\/rovelotruck-us.staging.binary.ink\/wp-content\/uploads\/2025\/04\/rovelo-logo.svg","caption":"Rovelo Tires Canada"},"image":{"@id":"https:\/\/rovelotruck.com\/fr-ca\/#\/schema\/logo\/image\/"}}]}},"_links":{"self":[{"href":"https:\/\/rovelotruck-us.staging.binary.ink\/fr-ca\/wp-json\/wp\/v2\/pages\/3782","targetHints":{"allow":["GET"]}}],"collection":[{"href":"https:\/\/rovelotruck-us.staging.binary.ink\/fr-ca\/wp-json\/wp\/v2\/pages"}],"about":[{"href":"https:\/\/rovelotruck-us.staging.binary.ink\/fr-ca\/wp-json\/wp\/v2\/types\/page"}],"author":[{"embeddable":true,"href":"https:\/\/rovelotruck-us.staging.binary.ink\/fr-ca\/wp-json\/wp\/v2\/users\/1"}],"replies":[{"embeddable":true,"href":"https:\/\/rovelotruck-us.staging.binary.ink\/fr-ca\/wp-json\/wp\/v2\/comments?post=3782"}],"version-history":[{"count":1,"href":"https:\/\/rovelotruck-us.staging.binary.ink\/fr-ca\/wp-json\/wp\/v2\/pages\/3782\/revisions"}],"predecessor-version":[{"id":3976,"href":"https:\/\/rovelotruck-us.staging.binary.ink\/fr-ca\/wp-json\/wp\/v2\/pages\/3782\/revisions\/3976"}],"up":[{"embeddable":true,"href":"https:\/\/rovelotruck-us.staging.binary.ink\/fr-ca\/wp-json\/wp\/v2\/pages\/546"}],"wp:attachment":[{"href":"https:\/\/rovelotruck-us.staging.binary.ink\/fr-ca\/wp-json\/wp\/v2\/media?parent=3782"}],"curies":[{"name":"wp","href":"https:\/\/api.w.org\/{rel}","templated":true}]}}