{"id":3790,"date":"2025-08-07T13:34:23","date_gmt":"2025-08-07T13:34:23","guid":{"rendered":"https:\/\/rovelotruck.ca\/tous-les-pneus__trashed\/bande-large\/"},"modified":"2025-09-14T21:21:53","modified_gmt":"2025-09-14T21:21:53","slug":"bande-large","status":"publish","type":"page","link":"https:\/\/rovelotruck-us.staging.binary.ink\/fr-ca\/tous-les-pneus\/bande-large\/","title":{"rendered":"BANDE LARGE"},"content":{"rendered":"\n<div class=\"wp-block-cover has-custom-content-position is-position-top-center has-dark-color has-text-color has-link-color wp-elements-776ab8212b764776ffc3ed291b96e313\" style=\"min-height:600px;aspect-ratio:unset;\"><img loading=\"lazy\" decoding=\"async\" width=\"1024\" height=\"981\" class=\"wp-block-cover__image-background wp-image-2543 size-large\" alt=\"\" src=\"https:\/\/rovelotruck.ca\/wp-content\/uploads\/2025\/08\/PLP-Section2-About-Background-1024x981.webp\" style=\"object-position:51% 98%\" data-object-fit=\"cover\" data-object-position=\"51% 98%\"\/><span aria-hidden=\"true\" class=\"wp-block-cover__background has-background-dim-100 has-background-dim wp-block-cover__gradient-background has-background-gradient has-light-fade-gradient-background\"><\/span><div class=\"wp-block-cover__inner-container\">\n<div class=\"wp-block-group container mt-5 mb-5\">\n<div class=\"wp-block-group col-lg-8 m-auto\">\n<h2 class=\"wp-block-heading has-text-align-center has-primary-color has-text-color has-link-color has-large-font-size wp-elements-12d637567b9c75eaf483d9ef784721ea\">BANDE LARGE<\/h2>\n\n\n\n<p class=\"has-text-align-center\">Les pneus \u00e0 <strong>bande large<\/strong> sont con\u00e7us pour remplacer les roues jumel\u00e9es par un seul pneu plus large. Ils permettent de r\u00e9duire le poids, d\u2019am\u00e9liorer le rendement du carburant et d\u2019augmenter la capacit\u00e9 de charge utile. <br\/><\/p>\n<\/div>\n<\/div>\n<\/div><\/div>\n","protected":false},"excerpt":{"rendered":"","protected":false},"author":1,"featured_media":0,"parent":546,"menu_order":0,"comment_status":"closed","ping_status":"closed","template":"page-tires.php","meta":{"_acf_changed":false,"footnotes":""},"class_list":["post-3790","page","type-page","status-publish","hentry"],"acf":[],"yoast_head":"<!-- This site is optimized with the Yoast SEO plugin v27.2 - https:\/\/yoast.com\/product\/yoast-seo-wordpress\/ -->\n<title>Pneus de Camion \u00e0 Large Bande de Roulement | Pneus Commerciaux Rovelo Canada<\/title>\n<meta name=\"description\" content=\"Les pneus \u00e0 base large remplacent les doubles pneus par un seul pneu plus large. Ils permettent de r\u00e9duire le poids, d\u2019am\u00e9liorer l\u2019efficacit\u00e9 \u00e9nerg\u00e9tique et d\u2019augmenter la capacit\u00e9 de charge utile. Parcourez d\u00e8s aujourd\u2019hui la s\u00e9lection de pneus commerciaux \u00e0 base large Rovelo.\" \/>\n<meta name=\"robots\" content=\"index, follow, max-snippet:-1, max-image-preview:large, max-video-preview:-1\" \/>\n<link rel=\"canonical\" href=\"https:\/\/rovelotruck-us.staging.binary.ink\/fr-ca\/tous-les-pneus\/bande-large\/\" \/>\n<meta property=\"og:locale\" content=\"fr_CA\" \/>\n<meta property=\"og:type\" content=\"article\" \/>\n<meta property=\"og:title\" content=\"Pneus de Camion \u00e0 Large Bande de Roulement | Pneus Commerciaux Rovelo Canada\" \/>\n<meta property=\"og:description\" content=\"Les pneus \u00e0 base large remplacent les doubles pneus par un seul pneu plus large. Ils permettent de r\u00e9duire le poids, d\u2019am\u00e9liorer l\u2019efficacit\u00e9 \u00e9nerg\u00e9tique et d\u2019augmenter la capacit\u00e9 de charge utile. Parcourez d\u00e8s aujourd\u2019hui la s\u00e9lection de pneus commerciaux \u00e0 base large Rovelo.\" \/>\n<meta property=\"og:url\" content=\"https:\/\/rovelotruck-us.staging.binary.ink\/fr-ca\/tous-les-pneus\/bande-large\/\" \/>\n<meta property=\"og:site_name\" content=\"Rovelo Tire Canada\" \/>\n<meta property=\"article:modified_time\" content=\"2025-09-14T21:21:53+00:00\" \/>\n<meta property=\"og:image\" content=\"https:\/\/rovelotruck.ca\/wp-content\/uploads\/2025\/08\/PLP-Section2-About-Background-1024x981.webp\" \/>\n<meta name=\"twitter:card\" content=\"summary_large_image\" \/>\n<meta name=\"twitter:label1\" content=\"Estimation du temps de lecture\" \/>\n\t<meta name=\"twitter:data1\" content=\"1 minute\" \/>\n<script type=\"application\/ld+json\" class=\"yoast-schema-graph\">{\"@context\":\"https:\/\/schema.org\",\"@graph\":[{\"@type\":\"WebPage\",\"@id\":\"https:\/\/rovelotruck-us.staging.binary.ink\/fr-ca\/tous-les-pneus\/bande-large\/\",\"url\":\"https:\/\/rovelotruck-us.staging.binary.ink\/fr-ca\/tous-les-pneus\/bande-large\/\",\"name\":\"Pneus de Camion \u00e0 Large Bande de Roulement | Pneus Commerciaux Rovelo Canada\",\"isPartOf\":{\"@id\":\"https:\/\/rovelotruck.com\/fr-ca\/#website\"},\"primaryImageOfPage\":{\"@id\":\"https:\/\/rovelotruck-us.staging.binary.ink\/fr-ca\/tous-les-pneus\/bande-large\/#primaryimage\"},\"image\":{\"@id\":\"https:\/\/rovelotruck-us.staging.binary.ink\/fr-ca\/tous-les-pneus\/bande-large\/#primaryimage\"},\"thumbnailUrl\":\"https:\/\/rovelotruck.ca\/wp-content\/uploads\/2025\/08\/PLP-Section2-About-Background-1024x981.webp\",\"datePublished\":\"2025-08-07T13:34:23+00:00\",\"dateModified\":\"2025-09-14T21:21:53+00:00\",\"description\":\"Les pneus \u00e0 base large remplacent les doubles pneus par un seul pneu plus large. Ils permettent de r\u00e9duire le poids, d\u2019am\u00e9liorer l\u2019efficacit\u00e9 \u00e9nerg\u00e9tique et d\u2019augmenter la capacit\u00e9 de charge utile. Parcourez d\u00e8s aujourd\u2019hui la s\u00e9lection de pneus commerciaux \u00e0 base large Rovelo.\",\"breadcrumb\":{\"@id\":\"https:\/\/rovelotruck-us.staging.binary.ink\/fr-ca\/tous-les-pneus\/bande-large\/#breadcrumb\"},\"inLanguage\":\"fr-CA\",\"potentialAction\":[{\"@type\":\"ReadAction\",\"target\":[\"https:\/\/rovelotruck-us.staging.binary.ink\/fr-ca\/tous-les-pneus\/bande-large\/\"]}]},{\"@type\":\"ImageObject\",\"inLanguage\":\"fr-CA\",\"@id\":\"https:\/\/rovelotruck-us.staging.binary.ink\/fr-ca\/tous-les-pneus\/bande-large\/#primaryimage\",\"url\":\"https:\/\/rovelotruck.ca\/wp-content\/uploads\/2025\/08\/PLP-Section2-About-Background-1024x981.webp\",\"contentUrl\":\"https:\/\/rovelotruck.ca\/wp-content\/uploads\/2025\/08\/PLP-Section2-About-Background-1024x981.webp\"},{\"@type\":\"BreadcrumbList\",\"@id\":\"https:\/\/rovelotruck-us.staging.binary.ink\/fr-ca\/tous-les-pneus\/bande-large\/#breadcrumb\",\"itemListElement\":[{\"@type\":\"ListItem\",\"position\":1,\"name\":\"Home\",\"item\":\"https:\/\/rovelotruck.com\/fr-ca\/\"},{\"@type\":\"ListItem\",\"position\":2,\"name\":\"Tous les pneus\",\"item\":\"https:\/\/rovelotruck.com\/fr-ca\/tous-les-pneus\/\"},{\"@type\":\"ListItem\",\"position\":3,\"name\":\"BANDE LARGE\"}]},{\"@type\":\"WebSite\",\"@id\":\"https:\/\/rovelotruck.com\/fr-ca\/#website\",\"url\":\"https:\/\/rovelotruck.com\/fr-ca\/\",\"name\":\"Rovelo Tires Canada\",\"description\":\"\",\"publisher\":{\"@id\":\"https:\/\/rovelotruck.com\/fr-ca\/#organization\"},\"potentialAction\":[{\"@type\":\"SearchAction\",\"target\":{\"@type\":\"EntryPoint\",\"urlTemplate\":\"https:\/\/rovelotruck.com\/fr-ca\/?s={search_term_string}\"},\"query-input\":{\"@type\":\"PropertyValueSpecification\",\"valueRequired\":true,\"valueName\":\"search_term_string\"}}],\"inLanguage\":\"fr-CA\"},{\"@type\":\"Organization\",\"@id\":\"https:\/\/rovelotruck.com\/fr-ca\/#organization\",\"name\":\"Rovelo Tires Canada\",\"url\":\"https:\/\/rovelotruck.com\/fr-ca\/\",\"logo\":{\"@type\":\"ImageObject\",\"inLanguage\":\"fr-CA\",\"@id\":\"https:\/\/rovelotruck.com\/fr-ca\/#\/schema\/logo\/image\/\",\"url\":\"https:\/\/rovelotruck-us.staging.binary.ink\/wp-content\/uploads\/2025\/04\/rovelo-logo.svg\",\"contentUrl\":\"https:\/\/rovelotruck-us.staging.binary.ink\/wp-content\/uploads\/2025\/04\/rovelo-logo.svg\",\"caption\":\"Rovelo Tires Canada\"},\"image\":{\"@id\":\"https:\/\/rovelotruck.com\/fr-ca\/#\/schema\/logo\/image\/\"}}]}<\/script>\n<!-- \/ Yoast SEO plugin. -->","yoast_head_json":{"title":"Pneus de Camion \u00e0 Large Bande de Roulement | Pneus Commerciaux Rovelo Canada","description":"Les pneus \u00e0 base large remplacent les doubles pneus par un seul pneu plus large. Ils permettent de r\u00e9duire le poids, d\u2019am\u00e9liorer l\u2019efficacit\u00e9 \u00e9nerg\u00e9tique et d\u2019augmenter la capacit\u00e9 de charge utile. Parcourez d\u00e8s aujourd\u2019hui la s\u00e9lection de pneus commerciaux \u00e0 base large Rovelo.","robots":{"index":"index","follow":"follow","max-snippet":"max-snippet:-1","max-image-preview":"max-image-preview:large","max-video-preview":"max-video-preview:-1"},"canonical":"https:\/\/rovelotruck-us.staging.binary.ink\/fr-ca\/tous-les-pneus\/bande-large\/","og_locale":"fr_CA","og_type":"article","og_title":"Pneus de Camion \u00e0 Large Bande de Roulement | Pneus Commerciaux Rovelo Canada","og_description":"Les pneus \u00e0 base large remplacent les doubles pneus par un seul pneu plus large. Ils permettent de r\u00e9duire le poids, d\u2019am\u00e9liorer l\u2019efficacit\u00e9 \u00e9nerg\u00e9tique et d\u2019augmenter la capacit\u00e9 de charge utile. Parcourez d\u00e8s aujourd\u2019hui la s\u00e9lection de pneus commerciaux \u00e0 base large Rovelo.","og_url":"https:\/\/rovelotruck-us.staging.binary.ink\/fr-ca\/tous-les-pneus\/bande-large\/","og_site_name":"Rovelo Tire Canada","article_modified_time":"2025-09-14T21:21:53+00:00","og_image":[{"url":"https:\/\/rovelotruck.ca\/wp-content\/uploads\/2025\/08\/PLP-Section2-About-Background-1024x981.webp","type":"","width":"","height":""}],"twitter_card":"summary_large_image","twitter_misc":{"Estimation du temps de lecture":"1 minute"},"schema":{"@context":"https:\/\/schema.org","@graph":[{"@type":"WebPage","@id":"https:\/\/rovelotruck-us.staging.binary.ink\/fr-ca\/tous-les-pneus\/bande-large\/","url":"https:\/\/rovelotruck-us.staging.binary.ink\/fr-ca\/tous-les-pneus\/bande-large\/","name":"Pneus de Camion \u00e0 Large Bande de Roulement | Pneus Commerciaux Rovelo Canada","isPartOf":{"@id":"https:\/\/rovelotruck.com\/fr-ca\/#website"},"primaryImageOfPage":{"@id":"https:\/\/rovelotruck-us.staging.binary.ink\/fr-ca\/tous-les-pneus\/bande-large\/#primaryimage"},"image":{"@id":"https:\/\/rovelotruck-us.staging.binary.ink\/fr-ca\/tous-les-pneus\/bande-large\/#primaryimage"},"thumbnailUrl":"https:\/\/rovelotruck.ca\/wp-content\/uploads\/2025\/08\/PLP-Section2-About-Background-1024x981.webp","datePublished":"2025-08-07T13:34:23+00:00","dateModified":"2025-09-14T21:21:53+00:00","description":"Les pneus \u00e0 base large remplacent les doubles pneus par un seul pneu plus large. Ils permettent de r\u00e9duire le poids, d\u2019am\u00e9liorer l\u2019efficacit\u00e9 \u00e9nerg\u00e9tique et d\u2019augmenter la capacit\u00e9 de charge utile. Parcourez d\u00e8s aujourd\u2019hui la s\u00e9lection de pneus commerciaux \u00e0 base large Rovelo.","breadcrumb":{"@id":"https:\/\/rovelotruck-us.staging.binary.ink\/fr-ca\/tous-les-pneus\/bande-large\/#breadcrumb"},"inLanguage":"fr-CA","potentialAction":[{"@type":"ReadAction","target":["https:\/\/rovelotruck-us.staging.binary.ink\/fr-ca\/tous-les-pneus\/bande-large\/"]}]},{"@type":"ImageObject","inLanguage":"fr-CA","@id":"https:\/\/rovelotruck-us.staging.binary.ink\/fr-ca\/tous-les-pneus\/bande-large\/#primaryimage","url":"https:\/\/rovelotruck.ca\/wp-content\/uploads\/2025\/08\/PLP-Section2-About-Background-1024x981.webp","contentUrl":"https:\/\/rovelotruck.ca\/wp-content\/uploads\/2025\/08\/PLP-Section2-About-Background-1024x981.webp"},{"@type":"BreadcrumbList","@id":"https:\/\/rovelotruck-us.staging.binary.ink\/fr-ca\/tous-les-pneus\/bande-large\/#breadcrumb","itemListElement":[{"@type":"ListItem","position":1,"name":"Home","item":"https:\/\/rovelotruck.com\/fr-ca\/"},{"@type":"ListItem","position":2,"name":"Tous les pneus","item":"https:\/\/rovelotruck.com\/fr-ca\/tous-les-pneus\/"},{"@type":"ListItem","position":3,"name":"BANDE LARGE"}]},{"@type":"WebSite","@id":"https:\/\/rovelotruck.com\/fr-ca\/#website","url":"https:\/\/rovelotruck.com\/fr-ca\/","name":"Rovelo Tires Canada","description":"","publisher":{"@id":"https:\/\/rovelotruck.com\/fr-ca\/#organization"},"potentialAction":[{"@type":"SearchAction","target":{"@type":"EntryPoint","urlTemplate":"https:\/\/rovelotruck.com\/fr-ca\/?s={search_term_string}"},"query-input":{"@type":"PropertyValueSpecification","valueRequired":true,"valueName":"search_term_string"}}],"inLanguage":"fr-CA"},{"@type":"Organization","@id":"https:\/\/rovelotruck.com\/fr-ca\/#organization","name":"Rovelo Tires Canada","url":"https:\/\/rovelotruck.com\/fr-ca\/","logo":{"@type":"ImageObject","inLanguage":"fr-CA","@id":"https:\/\/rovelotruck.com\/fr-ca\/#\/schema\/logo\/image\/","url":"https:\/\/rovelotruck-us.staging.binary.ink\/wp-content\/uploads\/2025\/04\/rovelo-logo.svg","contentUrl":"https:\/\/rovelotruck-us.staging.binary.ink\/wp-content\/uploads\/2025\/04\/rovelo-logo.svg","caption":"Rovelo Tires Canada"},"image":{"@id":"https:\/\/rovelotruck.com\/fr-ca\/#\/schema\/logo\/image\/"}}]}},"_links":{"self":[{"href":"https:\/\/rovelotruck-us.staging.binary.ink\/fr-ca\/wp-json\/wp\/v2\/pages\/3790","targetHints":{"allow":["GET"]}}],"collection":[{"href":"https:\/\/rovelotruck-us.staging.binary.ink\/fr-ca\/wp-json\/wp\/v2\/pages"}],"about":[{"href":"https:\/\/rovelotruck-us.staging.binary.ink\/fr-ca\/wp-json\/wp\/v2\/types\/page"}],"author":[{"embeddable":true,"href":"https:\/\/rovelotruck-us.staging.binary.ink\/fr-ca\/wp-json\/wp\/v2\/users\/1"}],"replies":[{"embeddable":true,"href":"https:\/\/rovelotruck-us.staging.binary.ink\/fr-ca\/wp-json\/wp\/v2\/comments?post=3790"}],"version-history":[{"count":1,"href":"https:\/\/rovelotruck-us.staging.binary.ink\/fr-ca\/wp-json\/wp\/v2\/pages\/3790\/revisions"}],"predecessor-version":[{"id":3791,"href":"https:\/\/rovelotruck-us.staging.binary.ink\/fr-ca\/wp-json\/wp\/v2\/pages\/3790\/revisions\/3791"}],"up":[{"embeddable":true,"href":"https:\/\/rovelotruck-us.staging.binary.ink\/fr-ca\/wp-json\/wp\/v2\/pages\/546"}],"wp:attachment":[{"href":"https:\/\/rovelotruck-us.staging.binary.ink\/fr-ca\/wp-json\/wp\/v2\/media?parent=3790"}],"curies":[{"name":"wp","href":"https:\/\/api.w.org\/{rel}","templated":true}]}}