{"id":4067,"date":"2025-08-07T14:26:30","date_gmt":"2025-08-07T14:26:30","guid":{"rendered":"https:\/\/rovelotruck.ca\/about\/securite-des-pneus\/"},"modified":"2025-09-18T15:40:11","modified_gmt":"2025-09-18T15:40:11","slug":"securite-des-pneus","status":"publish","type":"page","link":"https:\/\/rovelotruck-us.staging.binary.ink\/fr-ca\/about\/securite-des-pneus\/","title":{"rendered":"S\u00e9curit\u00e9 des Pneus"},"content":{"rendered":"<div id=\"med-title-block_eb5fa393dedbeb801f149e803260c32c\"  class=\"container-fluid position-relative \">\n    <div class=\"row bg-dark text-light bg-dark-fade\"  style=\"height: 250px;\">\n        <div class=\"col-12 col-lg-5 p-0 offset-lg-7\">\n            <div class=\"wp-block-cover clip-lg-left\" style=\"aspect-ratio:unset;\">\n                <span aria-hidden=\"true\" class=\"wp-block-cover__background has-background-dim-60 has-background-dim wp-block-cover__gradient-background has-background-gradient has-dark-fade-gradient-background\"><\/span>\n                <img loading=\"lazy\" decoding=\"async\" class=\"wp-block-cover__image-background img-grow-on-load\" alt=\"\"  src=\"https:\/\/rovelotruck-us.staging.binary.ink\/wp-content\/uploads\/2025\/08\/TIRESAFETY-Section1-HeroImg.webp\" data-object-fit=\"cover\">\n            <\/div>\n        <\/div>\n    <\/div>\n    <div class=\"position-absolute w-100 h-100 d-flex flex-columns align-items-center\"  style=\"top:0;left:0;\">\n        \n        <div class=\"container-xl\">\n            <div class=\"row\">\n                <div class=\"col-12 col-lg-7\">\n                    <h1 class=\"text-white text-lg-primary text-shadow has-size-4-font-size aos-init\" data-aos=\"fade-right\" data-aos-duration=\"800\">S\u00e9curit\u00e9 des Pneus<\/h1>\n                <\/div>\n            <\/div>\n        <\/div>\n    <\/div>\n<\/div>\n\n\n<div class=\"wp-block-group container-xl mt-5 mb-5\">\n<div class=\"wp-block-group col-lg-9 m-auto\">\n<h2 class=\"wp-block-heading has-primary-color has-text-color has-link-color wp-elements-a3ba6b0bccb148243bd5d15ce73a12ab\">Fourni \u00e0 des fins de s\u00e9curit\u00e9 et d\u2019information.<\/h2>\n\n\n\n<p>Si les pneus sont endommag\u00e9s ou s\u2019ils pr\u00e9sentent une pression d\u2019air anormalement basse (insuffisamment gonfl\u00e9s), ne jamais les gonfler de nouveau sans commencer par les d\u00e9gonfler compl\u00e8tement, les retirer de la jante et les r\u00e9parer correctement. On recommande de confier ces op\u00e9rations \u00e0 un technicien form\u00e9 et qualifi\u00e9 dans le domaine des pneus. Un \u00e9clatement abrupt et catastrophique peut survenir lorsqu\u2019on proc\u00e8de au regonflage de pneus utilis\u00e9s alors qu\u2019ils sont endommag\u00e9s ou s\u2019ils pr\u00e9sentent une pression d\u2019air anormalement basse (insuffisamment gonfl\u00e9s). Un tel \u00e9clatement peut entra\u00eener des blessures graves ou m\u00eame la mort.   <\/p>\n\n\n\n<ul class=\"wp-block-list\">\n<li>On doit alors d\u00e9gonfler compl\u00e8tement le pneu endommag\u00e9 ou insuffisamment gonfl\u00e9.<\/li>\n\n\n\n<li>Enlever le pneu de la jante en le d\u00e9montant de la mani\u00e8re prescrite par la RMA ou l\u2019OSHA.<\/li>\n\n\n\n<li>V\u00e9rifier si le pneu pr\u00e9sente des dommages (pr\u00e9sence de clous ou de coupures, rev\u00eatement endommag\u00e9, c\u00e2bles radiaux endommag\u00e9s, etc.).<\/li>\n\n\n\n<li>V\u00e9rifier si la jante pr\u00e9sente des dommages (fissures, rouille excessive, corps de valve, obus de valve, etc.).<\/li>\n\n\n\n<li>R\u00e9parer le pneu de la mani\u00e8re recommand\u00e9e par le groupe des fabricants de caoutchouc pour bande de roulement et de mat\u00e9riaux pour la r\u00e9paration des pneus.<\/li>\n\n\n\n<li>Installer le pneu sur la jante de la mani\u00e8re d\u00e9crite par la RMA ou l\u2019OSHA.<\/li>\n\n\n\n<li>En proc\u00e9dant avec un soin extr\u00eame, gonfler le pneu sur sa jante \u00e0 l&rsquo;int\u00e9rieur d&rsquo;une cage de s\u00e9curit\u00e9 (conforme aux exigences de l\u2019OSHA) ou dans un dispositif de retenue en utilisant un boyau d\u2019air \u00e0 distance avec pince. On ne doit jamais tenir le pneu \u00e0 la verticale pr\u00e8s du corps, peu importe la position, au moment de proc\u00e9der au gonflage. SE TENIR \u00c0 DISTANCE S\u00c9CURITAIRE ET HORS DE LA TRAJECTOIRE AU MOMENT DE GONFLER UN PNEU, PEU IMPORTE LE TYPE!  <\/li>\n<\/ul>\n\n\n\n<p><br>Veuillez consulter les sites Web ci-dessous pour obtenir des instructions compl\u00e8tes. Rovelo recommande seulement des techniciens form\u00e9s et qualifi\u00e9s pour l\u2019entretien, la r\u00e9paration et l\u2019inspection des pneus.  <\/p>\n\n\n\n<div class=\"wp-block-group mt-5\"><div class=\"row rev-downloads\">        <div class=\"col-6 col-md-6 mb-4 download-item\">\n            <a href=\"https:\/\/www.osha.gov\/sites\/default\/files\/publications\/wheel-chart-booklet.pdf\" target=\"_blank\" class=\"card text-decoration-none h-100 p-3 rounded-1 shadow-sm\">\n                <div class=\"d-flex mb-2\">\n                    <img decoding=\"async\" src=\"https:\/\/rovelotruck-us.staging.binary.ink\/wp-content\/uploads\/2025\/08\/icon-pdf.svg\" alt=\"icon-pdf\" \/>\n                    <span class=\"h3 flex-fill ms-3 mb-0\">Brochure<\/span>\n                    \n                <\/div>\n                <span>Entretien des roues \u00e0 jante en une seule pi\u00e8ce et en plusieurs pi\u00e8ces.<\/span>\n            <\/a>\n        <\/div>\n                <div class=\"col-6 col-md-6 mb-4 download-item\">\n            <a href=\"https:\/\/www.osha.gov\/sites\/default\/files\/publications\/3401tubeless-truck-bus-tires-wall-chart.pdf\" target=\"_blank\" class=\"card text-decoration-none h-100 p-3 rounded-1 shadow-sm\">\n                <div class=\"d-flex mb-2\">\n                    <img decoding=\"async\" src=\"https:\/\/rovelotruck-us.staging.binary.ink\/wp-content\/uploads\/2025\/08\/icon-pdf.svg\" alt=\"icon-pdf\" \/>\n                    <span class=\"h3 flex-fill ms-3 mb-0\">Affiche murale<\/span>\n                    \n                <\/div>\n                <span>Proc\u00e9dures de d\u00e9montage et de montage des pneus sans chambre \u00e0 air pour camions et autobus selon l\u2019OSHA.<\/span>\n            <\/a>\n        <\/div>\n                <div class=\"col-6 col-md-6 mb-4 download-item\">\n            <a href=\"https:\/\/www.tireindustry.org\/resources\" target=\"_blank\" class=\"card text-decoration-none h-100 p-3 rounded-1 shadow-sm\">\n                <div class=\"d-flex mb-2\">\n                    <img decoding=\"async\" src=\"https:\/\/rovelotruck-us.staging.binary.ink\/wp-content\/uploads\/2025\/08\/icon-link.svg\" alt=\"icon-link\" \/>\n                    <span class=\"h3 flex-fill ms-3 mb-0\">Ressources<\/span>\n                    \n                <\/div>\n                <span>Ressources, documents de r\u00e9f\u00e9rence et mat\u00e9riel \u00e9ducatif de la Tire Industry Association.<\/span>\n            <\/a>\n        <\/div>\n                <div class=\"col-6 col-md-6 mb-4 download-item\">\n            <a href=\"https:\/\/rovelotruck.ca\/wp-content\/uploads\/2025\/09\/Inflation-Safety-Label-FR.pdf\" target=\"_blank\" class=\"card text-decoration-none h-100 p-3 rounded-1 shadow-sm\">\n                <div class=\"d-flex mb-2\">\n                    <img decoding=\"async\" src=\"https:\/\/rovelotruck-us.staging.binary.ink\/wp-content\/uploads\/2025\/08\/icon-pdf.svg\" alt=\"icon-pdf\" \/>\n                    <span class=\"h3 flex-fill ms-3 mb-0\">\u00c9tiquette de s\u00e9curit\u00e9<\/span>\n                    \n                <\/div>\n                <span>\u00c9tiquette d\u2019avertissement de gonflage des pneus.<\/span>\n            <\/a>\n        <\/div>\n        <\/div><\/div>\n<\/div>\n<\/div>\n","protected":false},"excerpt":{"rendered":"<p>Fourni \u00e0 des fins de s\u00e9curit\u00e9 et d\u2019information. Si les pneus sont endommag\u00e9s ou s\u2019ils pr\u00e9sentent une pression d\u2019air anormalement basse (insuffisamment gonfl\u00e9s), ne jamais les gonfler de nouveau sans commencer par les d\u00e9gonfler compl\u00e8tement, les retirer de la jante et les r\u00e9parer correctement. On recommande de confier ces op\u00e9rations \u00e0 un technicien form\u00e9 et [&hellip;]<\/p>\n","protected":false},"author":1,"featured_media":0,"parent":2221,"menu_order":0,"comment_status":"closed","ping_status":"closed","template":"","meta":{"_acf_changed":false,"footnotes":""},"class_list":["post-4067","page","type-page","status-publish","hentry"],"acf":[],"yoast_head":"<!-- This site is optimized with the Yoast SEO plugin v27.2 - https:\/\/yoast.com\/product\/yoast-seo-wordpress\/ -->\n<title>S\u00e9curit\u00e9 des Pneus Commerciaux | Pneus Commerciaux Rovelo Canada<\/title>\n<meta name=\"description\" content=\"La s\u00e9curit\u00e9 des pneus est importante. D\u00e9couvrez la s\u00e9curit\u00e9 des pneus de camions commerciaux avec Rovelo Canada et suivez nos conseils pour rester en s\u00e9curit\u00e9 sur la route.\" \/>\n<meta name=\"robots\" content=\"index, follow, max-snippet:-1, max-image-preview:large, max-video-preview:-1\" \/>\n<link rel=\"canonical\" href=\"https:\/\/rovelotruck-us.staging.binary.ink\/fr-ca\/about\/securite-des-pneus\/\" \/>\n<meta property=\"og:locale\" content=\"fr_CA\" \/>\n<meta property=\"og:type\" content=\"article\" \/>\n<meta property=\"og:title\" content=\"S\u00e9curit\u00e9 des Pneus Commerciaux | Pneus Commerciaux Rovelo Canada\" \/>\n<meta property=\"og:description\" content=\"La s\u00e9curit\u00e9 des pneus est importante. D\u00e9couvrez la s\u00e9curit\u00e9 des pneus de camions commerciaux avec Rovelo Canada et suivez nos conseils pour rester en s\u00e9curit\u00e9 sur la route.\" \/>\n<meta property=\"og:url\" content=\"https:\/\/rovelotruck-us.staging.binary.ink\/fr-ca\/about\/securite-des-pneus\/\" \/>\n<meta property=\"og:site_name\" content=\"Rovelo Tire Canada\" \/>\n<meta property=\"article:modified_time\" content=\"2025-09-18T15:40:11+00:00\" \/>\n<meta property=\"og:image\" content=\"https:\/\/rovelotruck-us.staging.binary.ink\/wp-content\/uploads\/2025\/08\/SEO-Image-Commercial.jpg\" \/>\n\t<meta property=\"og:image:width\" content=\"1200\" \/>\n\t<meta property=\"og:image:height\" content=\"675\" \/>\n\t<meta property=\"og:image:type\" content=\"image\/jpeg\" \/>\n<meta name=\"twitter:card\" content=\"summary_large_image\" \/>\n<meta name=\"twitter:label1\" content=\"Estimation du temps de lecture\" \/>\n\t<meta name=\"twitter:data1\" content=\"2 minutes\" \/>\n<script type=\"application\/ld+json\" class=\"yoast-schema-graph\">{\"@context\":\"https:\/\/schema.org\",\"@graph\":[{\"@type\":\"WebPage\",\"@id\":\"https:\/\/rovelotruck-us.staging.binary.ink\/fr-ca\/about\/securite-des-pneus\/\",\"url\":\"https:\/\/rovelotruck-us.staging.binary.ink\/fr-ca\/about\/securite-des-pneus\/\",\"name\":\"S\u00e9curit\u00e9 des Pneus Commerciaux | Pneus Commerciaux Rovelo Canada\",\"isPartOf\":{\"@id\":\"https:\/\/rovelotruck.com\/fr-ca\/#website\"},\"datePublished\":\"2025-08-07T14:26:30+00:00\",\"dateModified\":\"2025-09-18T15:40:11+00:00\",\"description\":\"La s\u00e9curit\u00e9 des pneus est importante. D\u00e9couvrez la s\u00e9curit\u00e9 des pneus de camions commerciaux avec Rovelo Canada et suivez nos conseils pour rester en s\u00e9curit\u00e9 sur la route.\",\"breadcrumb\":{\"@id\":\"https:\/\/rovelotruck-us.staging.binary.ink\/fr-ca\/about\/securite-des-pneus\/#breadcrumb\"},\"inLanguage\":\"fr-CA\",\"potentialAction\":[{\"@type\":\"ReadAction\",\"target\":[\"https:\/\/rovelotruck-us.staging.binary.ink\/fr-ca\/about\/securite-des-pneus\/\"]}]},{\"@type\":\"BreadcrumbList\",\"@id\":\"https:\/\/rovelotruck-us.staging.binary.ink\/fr-ca\/about\/securite-des-pneus\/#breadcrumb\",\"itemListElement\":[{\"@type\":\"ListItem\",\"position\":1,\"name\":\"Home\",\"item\":\"https:\/\/rovelotruck.com\/fr-ca\/\"},{\"@type\":\"ListItem\",\"position\":2,\"name\":\"\u00c0 propos\",\"item\":\"https:\/\/rovelotruck.com\/fr-ca\/about\/\"},{\"@type\":\"ListItem\",\"position\":3,\"name\":\"S\u00e9curit\u00e9 des Pneus\"}]},{\"@type\":\"WebSite\",\"@id\":\"https:\/\/rovelotruck.com\/fr-ca\/#website\",\"url\":\"https:\/\/rovelotruck.com\/fr-ca\/\",\"name\":\"Rovelo Tires Canada\",\"description\":\"\",\"publisher\":{\"@id\":\"https:\/\/rovelotruck.com\/fr-ca\/#organization\"},\"potentialAction\":[{\"@type\":\"SearchAction\",\"target\":{\"@type\":\"EntryPoint\",\"urlTemplate\":\"https:\/\/rovelotruck.com\/fr-ca\/?s={search_term_string}\"},\"query-input\":{\"@type\":\"PropertyValueSpecification\",\"valueRequired\":true,\"valueName\":\"search_term_string\"}}],\"inLanguage\":\"fr-CA\"},{\"@type\":\"Organization\",\"@id\":\"https:\/\/rovelotruck.com\/fr-ca\/#organization\",\"name\":\"Rovelo Tires Canada\",\"url\":\"https:\/\/rovelotruck.com\/fr-ca\/\",\"logo\":{\"@type\":\"ImageObject\",\"inLanguage\":\"fr-CA\",\"@id\":\"https:\/\/rovelotruck.com\/fr-ca\/#\/schema\/logo\/image\/\",\"url\":\"https:\/\/rovelotruck-us.staging.binary.ink\/wp-content\/uploads\/2025\/04\/rovelo-logo.svg\",\"contentUrl\":\"https:\/\/rovelotruck-us.staging.binary.ink\/wp-content\/uploads\/2025\/04\/rovelo-logo.svg\",\"caption\":\"Rovelo Tires Canada\"},\"image\":{\"@id\":\"https:\/\/rovelotruck.com\/fr-ca\/#\/schema\/logo\/image\/\"}}]}<\/script>\n<!-- \/ Yoast SEO plugin. -->","yoast_head_json":{"title":"S\u00e9curit\u00e9 des Pneus Commerciaux | Pneus Commerciaux Rovelo Canada","description":"La s\u00e9curit\u00e9 des pneus est importante. D\u00e9couvrez la s\u00e9curit\u00e9 des pneus de camions commerciaux avec Rovelo Canada et suivez nos conseils pour rester en s\u00e9curit\u00e9 sur la route.","robots":{"index":"index","follow":"follow","max-snippet":"max-snippet:-1","max-image-preview":"max-image-preview:large","max-video-preview":"max-video-preview:-1"},"canonical":"https:\/\/rovelotruck-us.staging.binary.ink\/fr-ca\/about\/securite-des-pneus\/","og_locale":"fr_CA","og_type":"article","og_title":"S\u00e9curit\u00e9 des Pneus Commerciaux | Pneus Commerciaux Rovelo Canada","og_description":"La s\u00e9curit\u00e9 des pneus est importante. D\u00e9couvrez la s\u00e9curit\u00e9 des pneus de camions commerciaux avec Rovelo Canada et suivez nos conseils pour rester en s\u00e9curit\u00e9 sur la route.","og_url":"https:\/\/rovelotruck-us.staging.binary.ink\/fr-ca\/about\/securite-des-pneus\/","og_site_name":"Rovelo Tire Canada","article_modified_time":"2025-09-18T15:40:11+00:00","og_image":[{"width":1200,"height":675,"url":"https:\/\/rovelotruck-us.staging.binary.ink\/wp-content\/uploads\/2025\/08\/SEO-Image-Commercial.jpg","type":"image\/jpeg"}],"twitter_card":"summary_large_image","twitter_misc":{"Estimation du temps de lecture":"2 minutes"},"schema":{"@context":"https:\/\/schema.org","@graph":[{"@type":"WebPage","@id":"https:\/\/rovelotruck-us.staging.binary.ink\/fr-ca\/about\/securite-des-pneus\/","url":"https:\/\/rovelotruck-us.staging.binary.ink\/fr-ca\/about\/securite-des-pneus\/","name":"S\u00e9curit\u00e9 des Pneus Commerciaux | Pneus Commerciaux Rovelo Canada","isPartOf":{"@id":"https:\/\/rovelotruck.com\/fr-ca\/#website"},"datePublished":"2025-08-07T14:26:30+00:00","dateModified":"2025-09-18T15:40:11+00:00","description":"La s\u00e9curit\u00e9 des pneus est importante. D\u00e9couvrez la s\u00e9curit\u00e9 des pneus de camions commerciaux avec Rovelo Canada et suivez nos conseils pour rester en s\u00e9curit\u00e9 sur la route.","breadcrumb":{"@id":"https:\/\/rovelotruck-us.staging.binary.ink\/fr-ca\/about\/securite-des-pneus\/#breadcrumb"},"inLanguage":"fr-CA","potentialAction":[{"@type":"ReadAction","target":["https:\/\/rovelotruck-us.staging.binary.ink\/fr-ca\/about\/securite-des-pneus\/"]}]},{"@type":"BreadcrumbList","@id":"https:\/\/rovelotruck-us.staging.binary.ink\/fr-ca\/about\/securite-des-pneus\/#breadcrumb","itemListElement":[{"@type":"ListItem","position":1,"name":"Home","item":"https:\/\/rovelotruck.com\/fr-ca\/"},{"@type":"ListItem","position":2,"name":"\u00c0 propos","item":"https:\/\/rovelotruck.com\/fr-ca\/about\/"},{"@type":"ListItem","position":3,"name":"S\u00e9curit\u00e9 des Pneus"}]},{"@type":"WebSite","@id":"https:\/\/rovelotruck.com\/fr-ca\/#website","url":"https:\/\/rovelotruck.com\/fr-ca\/","name":"Rovelo Tires Canada","description":"","publisher":{"@id":"https:\/\/rovelotruck.com\/fr-ca\/#organization"},"potentialAction":[{"@type":"SearchAction","target":{"@type":"EntryPoint","urlTemplate":"https:\/\/rovelotruck.com\/fr-ca\/?s={search_term_string}"},"query-input":{"@type":"PropertyValueSpecification","valueRequired":true,"valueName":"search_term_string"}}],"inLanguage":"fr-CA"},{"@type":"Organization","@id":"https:\/\/rovelotruck.com\/fr-ca\/#organization","name":"Rovelo Tires Canada","url":"https:\/\/rovelotruck.com\/fr-ca\/","logo":{"@type":"ImageObject","inLanguage":"fr-CA","@id":"https:\/\/rovelotruck.com\/fr-ca\/#\/schema\/logo\/image\/","url":"https:\/\/rovelotruck-us.staging.binary.ink\/wp-content\/uploads\/2025\/04\/rovelo-logo.svg","contentUrl":"https:\/\/rovelotruck-us.staging.binary.ink\/wp-content\/uploads\/2025\/04\/rovelo-logo.svg","caption":"Rovelo Tires Canada"},"image":{"@id":"https:\/\/rovelotruck.com\/fr-ca\/#\/schema\/logo\/image\/"}}]}},"_links":{"self":[{"href":"https:\/\/rovelotruck-us.staging.binary.ink\/fr-ca\/wp-json\/wp\/v2\/pages\/4067","targetHints":{"allow":["GET"]}}],"collection":[{"href":"https:\/\/rovelotruck-us.staging.binary.ink\/fr-ca\/wp-json\/wp\/v2\/pages"}],"about":[{"href":"https:\/\/rovelotruck-us.staging.binary.ink\/fr-ca\/wp-json\/wp\/v2\/types\/page"}],"author":[{"embeddable":true,"href":"https:\/\/rovelotruck-us.staging.binary.ink\/fr-ca\/wp-json\/wp\/v2\/users\/1"}],"replies":[{"embeddable":true,"href":"https:\/\/rovelotruck-us.staging.binary.ink\/fr-ca\/wp-json\/wp\/v2\/comments?post=4067"}],"version-history":[{"count":6,"href":"https:\/\/rovelotruck-us.staging.binary.ink\/fr-ca\/wp-json\/wp\/v2\/pages\/4067\/revisions"}],"predecessor-version":[{"id":4078,"href":"https:\/\/rovelotruck-us.staging.binary.ink\/fr-ca\/wp-json\/wp\/v2\/pages\/4067\/revisions\/4078"}],"up":[{"embeddable":true,"href":"https:\/\/rovelotruck-us.staging.binary.ink\/fr-ca\/wp-json\/wp\/v2\/pages\/2221"}],"wp:attachment":[{"href":"https:\/\/rovelotruck-us.staging.binary.ink\/fr-ca\/wp-json\/wp\/v2\/media?parent=4067"}],"curies":[{"name":"wp","href":"https:\/\/api.w.org\/{rel}","templated":true}]}}